{"id":3757,"date":"2020-11-15T14:51:00","date_gmt":"2020-11-15T14:51:00","guid":{"rendered":"https:\/\/www.academiebelgium.be\/?page_id=3757"},"modified":"2020-11-15T14:56:14","modified_gmt":"2020-11-15T14:56:14","slug":"cachets-fortunes-ww1","status":"publish","type":"page","link":"https:\/\/www.academiebelgium.be\/fr\/cachets-fortunes-ww1\/","title":{"rendered":"R\u00c9ORGANISATION DE LA POSTE BELGE APR\u00c8S LA 1\u00c8RE GUERRE MONDIALE"},"content":{"rendered":"<p>Apr\u00e8s la 1\u00e8re Guerre Mondiale, la Poste belge a d\u00fb \u00eatre reconstruite. Les b\u00e2timents ont \u00e9t\u00e9 d\u00e9truits, les services postaux ont d\u00fb \u00eatre r\u00e9organis\u00e9s et les cachets et les timbres-poste manquaient. De nombreuses lettres ont \u00e9t\u00e9 pr\u00e9sent\u00e9es au bureau de poste et ont re\u00e7u des timbres bisectes ou des marques \u2018pay\u00e9\u2019. Toutes sortes de cachets \u2013 \u00e9galement non postaux ou confectionn\u00e9s localement (fortunes) \u2013 ont \u00e9t\u00e9 utilis\u00e9s.<\/p>\n<p>En 1982, J. Rousseau a publi\u00e9 un aper\u00e7u \u00ab\u00a0Les oblit\u00e9rations belges 1918-1919\u00a0\u00bb (traduction n\u00e9erlandaise de M. Van der Mullen : De Belgische Afstempelingen 1918-1919).<\/p>\n<p>L\u2019intention initiale de r\u00e9viser et si possible de compl\u00e9ter ce travail a \u00e9t\u00e9 \u00e9tendue \u00e0 une \u00e9tude plus compl\u00e8te \u00ab\u00a0\u2018R\u00e9organisation de la poste belge apr\u00e8s la 1<sup>\u00e8re<\/sup>\u00a0Guerre Mondiale\u00a0\u00bb. Des cercles d\u2019\u00e9tudes ext\u00e9rieurs \u00e0 l\u2019Acad\u00e9mie ont \u00e9galement collabor\u00e9.<\/p>\n<p>Tous les philat\u00e9listes qui, par le biais d\u2019informations ou de scans (300 dpi) de pi\u00e8ces philat\u00e9liques, pourraient contribuer \u00e0 la r\u00e9alisation de ce projet sont invit\u00e9s \u00e0 contacter Mark Bottu via\u00a0<a href=\"mailto:mark.bottu@telenet.be\">mark.bottu@telenet.be<\/a>.<\/p>\n<p><img loading=\"lazy\" decoding=\"async\" class=\"alignnone wp-image-938\" src=\"https:\/\/www.academiebelgium.be\/wp-content\/uploads\/2018\/12\/Belgium-Noodstempels-pag01-260x300.jpg\" alt=\"\" width=\"296\" height=\"345\" \/>\u00a0 \u00a0\u00a0\u00a0<img loading=\"lazy\" decoding=\"async\" class=\"alignnone wp-image-942\" src=\"https:\/\/www.academiebelgium.be\/wp-content\/uploads\/2018\/12\/Belgium-Noodstempels-pag05-292x300.jpg\" alt=\"\" width=\"327\" height=\"339\" \/>\u00a0\u00a0\u00a0 \u00a0<img loading=\"lazy\" decoding=\"async\" class=\"alignnone wp-image-940\" src=\"https:\/\/www.academiebelgium.be\/wp-content\/uploads\/2018\/12\/Belgium-Noodstempels-pag04-273x300.jpg\" alt=\"\" width=\"313\" height=\"348\" \/>\u00a0 \u00a0\u00a0<img loading=\"lazy\" decoding=\"async\" class=\"alignnone wp-image-944\" src=\"https:\/\/www.academiebelgium.be\/wp-content\/uploads\/2018\/12\/Belgium-Noodstempels-pag06-264x300.jpg\" alt=\"\" width=\"308\" height=\"346\" \/><\/p>\n","protected":false},"excerpt":{"rendered":"<p>Apr\u00e8s la 1\u00e8re Guerre Mondiale, la Poste belge a d\u00fb \u00eatre reconstruite. Les b\u00e2timents ont \u00e9t\u00e9 d\u00e9truits, les services postaux ont d\u00fb \u00eatre r\u00e9organis\u00e9s et les cachets et les timbres-poste manquaient. De nombreuses lettres ont \u00e9t\u00e9 pr\u00e9sent\u00e9es au bureau de poste et ont re\u00e7u des timbres bisectes ou des marques \u2018pay\u00e9\u2019. Toutes sortes de cachets [&hellip;]<\/p>\n","protected":false},"author":3,"featured_media":0,"parent":0,"menu_order":0,"comment_status":"closed","ping_status":"closed","template":"","meta":{"_acf_changed":false,"_exactmetrics_skip_tracking":false,"_exactmetrics_sitenote_active":false,"_exactmetrics_sitenote_note":"","_exactmetrics_sitenote_category":0,"footnotes":""},"class_list":["post-3757","page","type-page","status-publish","hentry"],"acf":[],"yoast_head":"<!-- This site is optimized with the Yoast SEO plugin v27.0 - https:\/\/yoast.com\/product\/yoast-seo-wordpress\/ -->\n<title>R\u00c9ORGANISATION DE LA POSTE BELGE APR\u00c8S LA 1\u00c8RE GUERRE MONDIALE - Academy Belgium<\/title>\n<meta name=\"robots\" content=\"index, follow, max-snippet:-1, max-image-preview:large, max-video-preview:-1\" \/>\n<link rel=\"canonical\" href=\"https:\/\/www.academiebelgium.be\/fr\/cachets-fortunes-ww1\/\" \/>\n<meta property=\"og:locale\" content=\"fr_FR\" \/>\n<meta property=\"og:type\" content=\"article\" \/>\n<meta property=\"og:title\" content=\"R\u00c9ORGANISATION DE LA POSTE BELGE APR\u00c8S LA 1\u00c8RE GUERRE MONDIALE - Academy Belgium\" \/>\n<meta property=\"og:description\" content=\"Apr\u00e8s la 1\u00e8re Guerre Mondiale, la Poste belge a d\u00fb \u00eatre reconstruite. Les b\u00e2timents ont \u00e9t\u00e9 d\u00e9truits, les services postaux ont d\u00fb \u00eatre r\u00e9organis\u00e9s et les cachets et les timbres-poste manquaient. De nombreuses lettres ont \u00e9t\u00e9 pr\u00e9sent\u00e9es au bureau de poste et ont re\u00e7u des timbres bisectes ou des marques \u2018pay\u00e9\u2019. Toutes sortes de cachets [&hellip;]\" \/>\n<meta property=\"og:url\" content=\"https:\/\/www.academiebelgium.be\/fr\/cachets-fortunes-ww1\/\" \/>\n<meta property=\"og:site_name\" content=\"Academy Belgium\" \/>\n<meta property=\"article:modified_time\" content=\"2020-11-15T14:56:14+00:00\" \/>\n<meta property=\"og:image\" content=\"https:\/\/www.academiebelgium.be\/wp-content\/uploads\/2018\/12\/Belgium-Noodstempels-pag01-260x300.jpg\" \/>\n<meta name=\"twitter:card\" content=\"summary_large_image\" \/>\n<meta name=\"twitter:label1\" content=\"Dur\u00e9e de lecture estim\u00e9e\" \/>\n\t<meta name=\"twitter:data1\" content=\"1 minute\" \/>\n<script type=\"application\/ld+json\" class=\"yoast-schema-graph\">{\"@context\":\"https:\/\/schema.org\",\"@graph\":[{\"@type\":\"WebPage\",\"@id\":\"https:\/\/www.academiebelgium.be\/fr\/cachets-fortunes-ww1\/\",\"url\":\"https:\/\/www.academiebelgium.be\/fr\/cachets-fortunes-ww1\/\",\"name\":\"R\u00c9ORGANISATION DE LA POSTE BELGE APR\u00c8S LA 1\u00c8RE GUERRE MONDIALE - Academy Belgium\",\"isPartOf\":{\"@id\":\"https:\/\/www.academiebelgium.be\/nl\/#website\"},\"primaryImageOfPage\":{\"@id\":\"https:\/\/www.academiebelgium.be\/fr\/cachets-fortunes-ww1\/#primaryimage\"},\"image\":{\"@id\":\"https:\/\/www.academiebelgium.be\/fr\/cachets-fortunes-ww1\/#primaryimage\"},\"thumbnailUrl\":\"https:\/\/www.academiebelgium.be\/wp-content\/uploads\/2018\/12\/Belgium-Noodstempels-pag01-260x300.jpg\",\"datePublished\":\"2020-11-15T14:51:00+00:00\",\"dateModified\":\"2020-11-15T14:56:14+00:00\",\"breadcrumb\":{\"@id\":\"https:\/\/www.academiebelgium.be\/fr\/cachets-fortunes-ww1\/#breadcrumb\"},\"inLanguage\":\"fr-FR\",\"potentialAction\":[{\"@type\":\"ReadAction\",\"target\":[\"https:\/\/www.academiebelgium.be\/fr\/cachets-fortunes-ww1\/\"]}]},{\"@type\":\"ImageObject\",\"inLanguage\":\"fr-FR\",\"@id\":\"https:\/\/www.academiebelgium.be\/fr\/cachets-fortunes-ww1\/#primaryimage\",\"url\":\"https:\/\/www.academiebelgium.be\/wp-content\/uploads\/2018\/12\/Belgium-Noodstempels-pag01-260x300.jpg\",\"contentUrl\":\"https:\/\/www.academiebelgium.be\/wp-content\/uploads\/2018\/12\/Belgium-Noodstempels-pag01-260x300.jpg\"},{\"@type\":\"BreadcrumbList\",\"@id\":\"https:\/\/www.academiebelgium.be\/fr\/cachets-fortunes-ww1\/#breadcrumb\",\"itemListElement\":[{\"@type\":\"ListItem\",\"position\":1,\"name\":\"Home\",\"item\":\"https:\/\/www.academiebelgium.be\/fr\/home\/\"},{\"@type\":\"ListItem\",\"position\":2,\"name\":\"R\u00c9ORGANISATION DE LA POSTE BELGE APR\u00c8S LA 1\u00c8RE GUERRE MONDIALE\"}]},{\"@type\":\"WebSite\",\"@id\":\"https:\/\/www.academiebelgium.be\/nl\/#website\",\"url\":\"https:\/\/www.academiebelgium.be\/nl\/\",\"name\":\"Academy Belgium\",\"description\":\"Just another WordPress site\",\"publisher\":{\"@id\":\"https:\/\/www.academiebelgium.be\/nl\/#organization\"},\"potentialAction\":[{\"@type\":\"SearchAction\",\"target\":{\"@type\":\"EntryPoint\",\"urlTemplate\":\"https:\/\/www.academiebelgium.be\/nl\/?s={search_term_string}\"},\"query-input\":{\"@type\":\"PropertyValueSpecification\",\"valueRequired\":true,\"valueName\":\"search_term_string\"}}],\"inLanguage\":\"fr-FR\"},{\"@type\":\"Organization\",\"@id\":\"https:\/\/www.academiebelgium.be\/nl\/#organization\",\"name\":\"Academy Belgium\",\"url\":\"https:\/\/www.academiebelgium.be\/nl\/\",\"logo\":{\"@type\":\"ImageObject\",\"inLanguage\":\"fr-FR\",\"@id\":\"https:\/\/www.academiebelgium.be\/nl\/#\/schema\/logo\/image\/\",\"url\":\"https:\/\/www.academiebelgium.be\/wp-content\/uploads\/2018\/10\/logo.png\",\"contentUrl\":\"https:\/\/www.academiebelgium.be\/wp-content\/uploads\/2018\/10\/logo.png\",\"width\":125,\"height\":125,\"caption\":\"Academy Belgium\"},\"image\":{\"@id\":\"https:\/\/www.academiebelgium.be\/nl\/#\/schema\/logo\/image\/\"}}]}<\/script>\n<!-- \/ Yoast SEO plugin. -->","yoast_head_json":{"title":"R\u00c9ORGANISATION DE LA POSTE BELGE APR\u00c8S LA 1\u00c8RE GUERRE MONDIALE - Academy Belgium","robots":{"index":"index","follow":"follow","max-snippet":"max-snippet:-1","max-image-preview":"max-image-preview:large","max-video-preview":"max-video-preview:-1"},"canonical":"https:\/\/www.academiebelgium.be\/fr\/cachets-fortunes-ww1\/","og_locale":"fr_FR","og_type":"article","og_title":"R\u00c9ORGANISATION DE LA POSTE BELGE APR\u00c8S LA 1\u00c8RE GUERRE MONDIALE - Academy Belgium","og_description":"Apr\u00e8s la 1\u00e8re Guerre Mondiale, la Poste belge a d\u00fb \u00eatre reconstruite. Les b\u00e2timents ont \u00e9t\u00e9 d\u00e9truits, les services postaux ont d\u00fb \u00eatre r\u00e9organis\u00e9s et les cachets et les timbres-poste manquaient. De nombreuses lettres ont \u00e9t\u00e9 pr\u00e9sent\u00e9es au bureau de poste et ont re\u00e7u des timbres bisectes ou des marques \u2018pay\u00e9\u2019. Toutes sortes de cachets [&hellip;]","og_url":"https:\/\/www.academiebelgium.be\/fr\/cachets-fortunes-ww1\/","og_site_name":"Academy Belgium","article_modified_time":"2020-11-15T14:56:14+00:00","og_image":[{"url":"https:\/\/www.academiebelgium.be\/wp-content\/uploads\/2018\/12\/Belgium-Noodstempels-pag01-260x300.jpg","type":"","width":"","height":""}],"twitter_card":"summary_large_image","twitter_misc":{"Dur\u00e9e de lecture estim\u00e9e":"1 minute"},"schema":{"@context":"https:\/\/schema.org","@graph":[{"@type":"WebPage","@id":"https:\/\/www.academiebelgium.be\/fr\/cachets-fortunes-ww1\/","url":"https:\/\/www.academiebelgium.be\/fr\/cachets-fortunes-ww1\/","name":"R\u00c9ORGANISATION DE LA POSTE BELGE APR\u00c8S LA 1\u00c8RE GUERRE MONDIALE - Academy Belgium","isPartOf":{"@id":"https:\/\/www.academiebelgium.be\/nl\/#website"},"primaryImageOfPage":{"@id":"https:\/\/www.academiebelgium.be\/fr\/cachets-fortunes-ww1\/#primaryimage"},"image":{"@id":"https:\/\/www.academiebelgium.be\/fr\/cachets-fortunes-ww1\/#primaryimage"},"thumbnailUrl":"https:\/\/www.academiebelgium.be\/wp-content\/uploads\/2018\/12\/Belgium-Noodstempels-pag01-260x300.jpg","datePublished":"2020-11-15T14:51:00+00:00","dateModified":"2020-11-15T14:56:14+00:00","breadcrumb":{"@id":"https:\/\/www.academiebelgium.be\/fr\/cachets-fortunes-ww1\/#breadcrumb"},"inLanguage":"fr-FR","potentialAction":[{"@type":"ReadAction","target":["https:\/\/www.academiebelgium.be\/fr\/cachets-fortunes-ww1\/"]}]},{"@type":"ImageObject","inLanguage":"fr-FR","@id":"https:\/\/www.academiebelgium.be\/fr\/cachets-fortunes-ww1\/#primaryimage","url":"https:\/\/www.academiebelgium.be\/wp-content\/uploads\/2018\/12\/Belgium-Noodstempels-pag01-260x300.jpg","contentUrl":"https:\/\/www.academiebelgium.be\/wp-content\/uploads\/2018\/12\/Belgium-Noodstempels-pag01-260x300.jpg"},{"@type":"BreadcrumbList","@id":"https:\/\/www.academiebelgium.be\/fr\/cachets-fortunes-ww1\/#breadcrumb","itemListElement":[{"@type":"ListItem","position":1,"name":"Home","item":"https:\/\/www.academiebelgium.be\/fr\/home\/"},{"@type":"ListItem","position":2,"name":"R\u00c9ORGANISATION DE LA POSTE BELGE APR\u00c8S LA 1\u00c8RE GUERRE MONDIALE"}]},{"@type":"WebSite","@id":"https:\/\/www.academiebelgium.be\/nl\/#website","url":"https:\/\/www.academiebelgium.be\/nl\/","name":"Academy Belgium","description":"Just another WordPress site","publisher":{"@id":"https:\/\/www.academiebelgium.be\/nl\/#organization"},"potentialAction":[{"@type":"SearchAction","target":{"@type":"EntryPoint","urlTemplate":"https:\/\/www.academiebelgium.be\/nl\/?s={search_term_string}"},"query-input":{"@type":"PropertyValueSpecification","valueRequired":true,"valueName":"search_term_string"}}],"inLanguage":"fr-FR"},{"@type":"Organization","@id":"https:\/\/www.academiebelgium.be\/nl\/#organization","name":"Academy Belgium","url":"https:\/\/www.academiebelgium.be\/nl\/","logo":{"@type":"ImageObject","inLanguage":"fr-FR","@id":"https:\/\/www.academiebelgium.be\/nl\/#\/schema\/logo\/image\/","url":"https:\/\/www.academiebelgium.be\/wp-content\/uploads\/2018\/10\/logo.png","contentUrl":"https:\/\/www.academiebelgium.be\/wp-content\/uploads\/2018\/10\/logo.png","width":125,"height":125,"caption":"Academy Belgium"},"image":{"@id":"https:\/\/www.academiebelgium.be\/nl\/#\/schema\/logo\/image\/"}}]}},"_links":{"self":[{"href":"https:\/\/www.academiebelgium.be\/fr\/wp-json\/wp\/v2\/pages\/3757","targetHints":{"allow":["GET"]}}],"collection":[{"href":"https:\/\/www.academiebelgium.be\/fr\/wp-json\/wp\/v2\/pages"}],"about":[{"href":"https:\/\/www.academiebelgium.be\/fr\/wp-json\/wp\/v2\/types\/page"}],"author":[{"embeddable":true,"href":"https:\/\/www.academiebelgium.be\/fr\/wp-json\/wp\/v2\/users\/3"}],"replies":[{"embeddable":true,"href":"https:\/\/www.academiebelgium.be\/fr\/wp-json\/wp\/v2\/comments?post=3757"}],"version-history":[{"count":0,"href":"https:\/\/www.academiebelgium.be\/fr\/wp-json\/wp\/v2\/pages\/3757\/revisions"}],"wp:attachment":[{"href":"https:\/\/www.academiebelgium.be\/fr\/wp-json\/wp\/v2\/media?parent=3757"}],"curies":[{"name":"wp","href":"https:\/\/api.w.org\/{rel}","templated":true}]}}