{"id":378,"date":"2018-11-02T15:16:53","date_gmt":"2018-11-02T15:16:53","guid":{"rendered":"https:\/\/www.academiebelgium.be\/verslagen\/"},"modified":"2026-02-17T19:14:26","modified_gmt":"2026-02-17T19:14:26","slug":"verslagen","status":"publish","type":"page","link":"https:\/\/www.academiebelgium.be\/fr\/verslagen\/","title":{"rendered":"Rapport R\u00e9unions"},"content":{"rendered":"<p><a href=\"https:\/\/www.academiebelgium.be\/wp-content\/uploads\/2018\/10\/icon-pdf.png\"><img loading=\"lazy\" decoding=\"async\" class=\"alignnone size-full wp-image-243\" src=\"https:\/\/www.academiebelgium.be\/wp-content\/uploads\/2018\/10\/icon-pdf.png\" alt=\"\" width=\"32\" height=\"37\" \/> <\/a><a href=\"https:\/\/www.academiebelgium.be\/wp-content\/uploads\/2026\/02\/Verslag-Compte-rendu-2026.24.01.pdf\" target=\"_blank\" rel=\"noopener\"><span style=\"color: #0000ff;\">ABA_vergadering_r\u00e9union stat 24-01-2026<\/span><\/a>\u00a0 \u00a0 \u00a0<a href=\"https:\/\/www.academiebelgium.be\/wp-content\/uploads\/2026\/02\/Verslag-Compte-rendu-2026.24.01.pdf\" target=\"_blank\" rel=\"noopener\"><span style=\"color: #0000ff;\"><img loading=\"lazy\" decoding=\"async\" class=\"alignnone\" src=\"https:\/\/www.academiebelgium.be\/wp-content\/uploads\/2019\/04\/nieuw-294x300.jpg\" alt=\"\" width=\"48\" height=\"49\" \/><\/span><\/a><\/p>\n<p><a href=\"https:\/\/www.academiebelgium.be\/wp-content\/uploads\/2018\/10\/icon-pdf.png\"><img loading=\"lazy\" decoding=\"async\" class=\"alignnone size-full wp-image-243\" src=\"https:\/\/www.academiebelgium.be\/wp-content\/uploads\/2018\/10\/icon-pdf.png\" alt=\"\" width=\"32\" height=\"37\" \/> <\/a><a href=\"https:\/\/www.academiebelgium.be\/wp-content\/uploads\/2025\/02\/Verslag-Compte-rendu-2025.25.01.pdf\" target=\"_blank\" rel=\"noopener\"><span style=\"color: #0000ff;\">ABA_vergadering_r\u00e9union stat 25-01-2025<\/span><\/a><\/p>\n<p><a href=\"https:\/\/www.academiebelgium.be\/wp-content\/uploads\/2018\/10\/icon-pdf.png\"><img loading=\"lazy\" decoding=\"async\" class=\"alignnone size-full wp-image-243\" src=\"https:\/\/www.academiebelgium.be\/wp-content\/uploads\/2018\/10\/icon-pdf.png\" alt=\"\" width=\"32\" height=\"37\" \/> <\/a><a href=\"https:\/\/www.academiebelgium.be\/wp-content\/uploads\/2024\/01\/Verslag-Compte-rendu-2024.13.01.pdf\" target=\"_blank\" rel=\"noopener\"><span style=\"color: #0000ff;\">ABA_vergadering_r\u00e9union stat 13-01-2024<\/span><\/a><\/p>\n<p><a href=\"https:\/\/www.academiebelgium.be\/wp-content\/uploads\/2018\/10\/icon-pdf.png\"><img loading=\"lazy\" decoding=\"async\" class=\"alignnone size-full wp-image-243\" src=\"https:\/\/www.academiebelgium.be\/wp-content\/uploads\/2018\/10\/icon-pdf.png\" alt=\"\" width=\"32\" height=\"37\" \/> <\/a><a href=\"https:\/\/www.academiebelgium.be\/wp-content\/uploads\/2023\/03\/2023.28.01-reunion-statutaire.pdf\" target=\"_blank\" rel=\"noopener\"><span style=\"color: #0000ff;\">ABA_vergadering_r\u00e9union stat <\/span><span style=\"color: #0000ff;\">28_01_2023\u00a0<\/span> <\/a><\/p>\n<p><a href=\"https:\/\/www.academiebelgium.be\/wp-content\/uploads\/2018\/10\/icon-pdf.png\"><img loading=\"lazy\" decoding=\"async\" class=\"alignnone size-full wp-image-243\" src=\"https:\/\/www.academiebelgium.be\/wp-content\/uploads\/2018\/10\/icon-pdf.png\" alt=\"\" width=\"32\" height=\"37\" \/> <\/a><span style=\"color: #0000ff;\"><a style=\"color: #0000ff;\" href=\"https:\/\/www.academiebelgium.be\/wp-content\/uploads\/2020\/03\/ABA_vergadering_r\u00e9union-07_03_2020-1.pdf\">ABA_vergadering_r\u00e9union 07_03_2020<\/a><\/span><a href=\"https:\/\/www.academiebelgium.be\/wp-content\/uploads\/2018\/10\/icon-pdf.png\"><span style=\"color: #0000ff;\">\u00a0<\/span> \u00a0<\/a><\/p>\n<p><a href=\"https:\/\/www.academiebelgium.be\/wp-content\/uploads\/2018\/10\/icon-pdf.png\"><img loading=\"lazy\" decoding=\"async\" class=\"alignnone size-full wp-image-243\" src=\"https:\/\/www.academiebelgium.be\/wp-content\/uploads\/2018\/10\/icon-pdf.png\" alt=\"\" width=\"32\" height=\"37\" \/><\/a> <span style=\"color: #0000ff;\"><a style=\"color: #0000ff;\" href=\"https:\/\/www.academiebelgium.be\/wp-content\/uploads\/2019\/09\/ABA_vergadering_r\u00e9union-07_09_2019.pdf\">ABA_vergadering_r\u00e9union 07-09-2019\u00a0<\/a><\/span><\/p>\n<p><a href=\"https:\/\/www.academiebelgium.be\/wp-content\/uploads\/2018\/10\/icon-pdf.png\"><img loading=\"lazy\" decoding=\"async\" class=\"alignnone size-full wp-image-243\" src=\"https:\/\/www.academiebelgium.be\/wp-content\/uploads\/2018\/10\/icon-pdf.png\" alt=\"\" width=\"32\" height=\"37\" \/> <\/a><a href=\"https:\/\/www.academiebelgium.be\/wp-content\/uploads\/2019\/06\/ABA_vergadering_r\u00e9union-22_06_2019.pdf\"><span style=\"color: #0000ff;\">ABA_vergadering_r\u00e9union 22-06-2019<\/span><\/a><\/p>\n<p><a href=\"https:\/\/www.academiebelgium.be\/wp-content\/uploads\/2018\/10\/icon-pdf.png\"><img loading=\"lazy\" decoding=\"async\" class=\"alignnone size-full wp-image-243\" src=\"https:\/\/www.academiebelgium.be\/wp-content\/uploads\/2018\/10\/icon-pdf.png\" alt=\"\" width=\"32\" height=\"37\" \/>\u00a0<\/a><a href=\"https:\/\/www.academiebelgium.be\/wp-content\/uploads\/2019\/04\/ABA_vergadering_r%C3%A9union-06_04_2019.pdf\"><span style=\"color: #0000ff;\">ABA_vergadering_r\u00e9union 06-04-2019<\/span><\/a><\/p>\n<p><a href=\"https:\/\/www.academiebelgium.be\/wp-content\/uploads\/2019\/02\/ABA_vergadering_r\u00e9union-16_02_2019.pdf\"><img loading=\"lazy\" decoding=\"async\" class=\"alignnone size-full wp-image-243\" src=\"https:\/\/www.academiebelgium.be\/wp-content\/uploads\/2018\/10\/icon-pdf.png\" alt=\"\" width=\"32\" height=\"37\" \/> <span style=\"color: #0000ff;\">ABA_vergadering_r\u00e9union 16-02-2019<\/span><\/a><\/p>\n<p><img loading=\"lazy\" decoding=\"async\" class=\"alignnone size-full wp-image-243\" src=\"https:\/\/www.academiebelgium.be\/wp-content\/uploads\/2018\/10\/icon-pdf.png\" alt=\"\" width=\"32\" height=\"37\" \/> <a href=\"https:\/\/www.academiebelgium.be\/wp-content\/uploads\/2019\/01\/ABA_vergadering_r\u00e9union-12_01_2019-2.pdf\"><span style=\"color: #0000ff;\">ABA_vergadering_r\u00e9union 12-01-2019<\/span><\/a><\/p>\n<p><img loading=\"lazy\" decoding=\"async\" class=\"alignnone size-full wp-image-243\" src=\"https:\/\/www.academiebelgium.be\/wp-content\/uploads\/2018\/10\/icon-pdf.png\" alt=\"\" width=\"32\" height=\"37\" \/>\u00a0<a href=\"https:\/\/www.academiebelgium.be\/wp-content\/uploads\/2018\/11\/ABA_vergadering_r\u00e9union-06-10-2018.pdf\"><span style=\"color: #0000ff;\">ABA_vergadering_r\u00e9union 06-10-2018<\/span><\/a><\/p>\n<p><img loading=\"lazy\" decoding=\"async\" class=\"alignnone size-full wp-image-243\" src=\"https:\/\/www.academiebelgium.be\/wp-content\/uploads\/2018\/10\/icon-pdf.png\" alt=\"\" width=\"32\" height=\"37\" \/>\u00a0<a href=\"https:\/\/www.academiebelgium.be\/wp-content\/uploads\/2018\/11\/ABA_vergadering_r\u00e9union-01-09-2018.pdf\"><span style=\"color: #0000ff;\">ABA_vergadering_r\u00e9union 01-09-2018<\/span><\/a><\/p>\n<p><img loading=\"lazy\" decoding=\"async\" class=\"alignnone size-full wp-image-243\" src=\"https:\/\/www.academiebelgium.be\/wp-content\/uploads\/2018\/10\/icon-pdf.png\" alt=\"\" width=\"32\" height=\"37\" \/>\u00a0<a href=\"https:\/\/www.academiebelgium.be\/wp-content\/uploads\/2018\/11\/ABA_vergadering_r\u00e9union-16_06_2018.pdf\"><span style=\"color: #0000ff;\">ABA_vergadering_r\u00e9union 16-06-2018<\/span><\/a><\/p>\n<p><img loading=\"lazy\" decoding=\"async\" class=\"alignnone size-full wp-image-243\" src=\"https:\/\/www.academiebelgium.be\/wp-content\/uploads\/2018\/10\/icon-pdf.png\" alt=\"\" width=\"32\" height=\"37\" \/>\u00a0<a href=\"https:\/\/www.academiebelgium.be\/wp-content\/uploads\/2018\/11\/ABA_vergadering_r\u00e9union-31_03_2018.pdf\"><span style=\"color: #0000ff;\">ABA_vergadering_r\u00e9union 31-03-2018<\/span><\/a><\/p>\n<p><img loading=\"lazy\" decoding=\"async\" class=\"alignnone size-full wp-image-243\" src=\"https:\/\/www.academiebelgium.be\/wp-content\/uploads\/2018\/10\/icon-pdf.png\" alt=\"\" width=\"32\" height=\"37\" \/>\u00a0<a href=\"https:\/\/www.academiebelgium.be\/wp-content\/uploads\/2018\/11\/ABA_vergadering_r\u00e9union-17_02_2018.pdf\"><span style=\"color: #0000ff;\">ABA_vergadering_r\u00e9union 17-02-2018<\/span><\/a><\/p>\n<p><img loading=\"lazy\" decoding=\"async\" class=\"alignnone size-full wp-image-243\" src=\"https:\/\/www.academiebelgium.be\/wp-content\/uploads\/2018\/10\/icon-pdf.png\" alt=\"\" width=\"32\" height=\"37\" \/>\u00a0<a href=\"https:\/\/www.academiebelgium.be\/wp-content\/uploads\/2018\/11\/ABA_vergadering_r\u00e9union-09_12_2017.pdf\"><span style=\"color: #0000ff;\">ABA_vergadering_r\u00e9union 09-12-2017<\/span><\/a><\/p>\n<p><img loading=\"lazy\" decoding=\"async\" class=\"alignnone size-full wp-image-243\" src=\"https:\/\/www.academiebelgium.be\/wp-content\/uploads\/2018\/10\/icon-pdf.png\" alt=\"\" width=\"32\" height=\"37\" \/>\u00a0<a href=\"https:\/\/www.academiebelgium.be\/wp-content\/uploads\/2018\/11\/ABA_vergadering_r\u00e9union-07_10_2017.pdf\"><span style=\"color: #0000ff;\">ABA_vergadering_r\u00e9union 07-10-2017<\/span><\/a><\/p>\n<p><img loading=\"lazy\" decoding=\"async\" class=\"alignnone size-full wp-image-243\" src=\"https:\/\/www.academiebelgium.be\/wp-content\/uploads\/2018\/10\/icon-pdf.png\" alt=\"\" width=\"32\" height=\"37\" \/>\u00a0<a href=\"https:\/\/www.academiebelgium.be\/wp-content\/uploads\/2018\/11\/ABA_vergadering_r\u00e9union-02_09_2017.pdf\"><span style=\"color: #0000ff;\">ABA_vergadering_r\u00e9union 02-09-2017<\/span><\/a><\/p>\n<p><img loading=\"lazy\" decoding=\"async\" class=\"alignnone size-full wp-image-243\" src=\"https:\/\/www.academiebelgium.be\/wp-content\/uploads\/2018\/10\/icon-pdf.png\" alt=\"\" width=\"32\" height=\"37\" \/>\u00a0<a href=\"https:\/\/www.academiebelgium.be\/wp-content\/uploads\/2018\/11\/ABA_vergadering_r\u00e9union-10_06_2017.pdf\"><span style=\"color: #0000ff;\">ABA_vergadering_r\u00e9union 10-06-2017<\/span><\/a><\/p>\n<p><img loading=\"lazy\" decoding=\"async\" class=\"alignnone size-full wp-image-243\" src=\"https:\/\/www.academiebelgium.be\/wp-content\/uploads\/2018\/10\/icon-pdf.png\" alt=\"\" width=\"32\" height=\"37\" \/>\u00a0<a href=\"https:\/\/www.academiebelgium.be\/wp-content\/uploads\/2018\/11\/ABA_vergadering_r\u00e9union-08_04_2017.pdf\"><span style=\"color: #0000ff;\">ABA_vergadering_r\u00e9union 08-04-2017<\/span><\/a><\/p>\n<p><img loading=\"lazy\" decoding=\"async\" class=\"alignnone size-full wp-image-243\" src=\"https:\/\/www.academiebelgium.be\/wp-content\/uploads\/2018\/10\/icon-pdf.png\" alt=\"\" width=\"32\" height=\"37\" \/>\u00a0<a href=\"https:\/\/www.academiebelgium.be\/wp-content\/uploads\/2018\/11\/ABA_vergadering_r\u00e9union-04_02_2017.pdf\"><span style=\"color: #0000ff;\">ABA_vergadering_r\u00e9union 04-02-2017<\/span><\/a><\/p>\n<p><img loading=\"lazy\" decoding=\"async\" class=\"alignnone size-full wp-image-243\" src=\"https:\/\/www.academiebelgium.be\/wp-content\/uploads\/2018\/10\/icon-pdf.png\" alt=\"\" width=\"32\" height=\"37\" \/>\u00a0<a href=\"https:\/\/www.academiebelgium.be\/wp-content\/uploads\/2018\/11\/ABA_vergadering_r\u00e9union-10_12_2016.pdf\"><span style=\"color: #0000ff;\">ABA_vergadering_r\u00e9union 10-12-2016<\/span><\/a><\/p>\n<p><img loading=\"lazy\" decoding=\"async\" class=\"alignnone size-full wp-image-243\" src=\"https:\/\/www.academiebelgium.be\/wp-content\/uploads\/2018\/10\/icon-pdf.png\" alt=\"\" width=\"32\" height=\"37\" \/>\u00a0<a href=\"https:\/\/www.academiebelgium.be\/wp-content\/uploads\/2018\/11\/ABA_vergadering_r\u00e9union-08_10_2016.pdf\"><span style=\"color: #0000ff;\">ABA_vergadering_r\u00e9union 08-10-2016<\/span><\/a><\/p>\n<p><img loading=\"lazy\" decoding=\"async\" class=\"alignnone size-full wp-image-243\" src=\"https:\/\/www.academiebelgium.be\/wp-content\/uploads\/2018\/10\/icon-pdf.png\" alt=\"\" width=\"32\" height=\"37\" \/>\u00a0<a href=\"https:\/\/www.academiebelgium.be\/wp-content\/uploads\/2018\/11\/ABA_vergadering_r\u00e9union-03_09_2016.pdf\"><span style=\"color: #0000ff;\">ABA_vergadering_r\u00e9union 03-09-2016<\/span><\/a><\/p>\n<p><img loading=\"lazy\" decoding=\"async\" class=\"alignnone size-full wp-image-243\" src=\"https:\/\/www.academiebelgium.be\/wp-content\/uploads\/2018\/10\/icon-pdf.png\" alt=\"\" width=\"32\" height=\"37\" \/>\u00a0<a href=\"https:\/\/www.academiebelgium.be\/wp-content\/uploads\/2018\/11\/ABA_vergadering_r\u00e9union-25.06.2016.pdf\"><span style=\"color: #0000ff;\">ABA_vergadering_r\u00e9union 25-06-2016<\/span><\/a><\/p>\n<p><img loading=\"lazy\" decoding=\"async\" class=\"alignnone size-full wp-image-243\" src=\"https:\/\/www.academiebelgium.be\/wp-content\/uploads\/2018\/10\/icon-pdf.png\" alt=\"\" width=\"32\" height=\"37\" \/>\u00a0<a href=\"https:\/\/www.academiebelgium.be\/wp-content\/uploads\/2018\/11\/ABA_vergadering_r\u00e9union-16_04_2016.pdf\"><span style=\"color: #0000ff;\">ABA_vergadering_r\u00e9union 16-04-2016<\/span><\/a><\/p>\n<p><img loading=\"lazy\" decoding=\"async\" class=\"alignnone size-full wp-image-243\" src=\"https:\/\/www.academiebelgium.be\/wp-content\/uploads\/2018\/10\/icon-pdf.png\" alt=\"\" width=\"32\" height=\"37\" \/>\u00a0<a href=\"https:\/\/www.academiebelgium.be\/wp-content\/uploads\/2018\/11\/ABA_vergadering_r\u00e9union-30_01_2016.pdf\"><span style=\"color: #0000ff;\">ABA_vergadering_r\u00e9union 30-01-2016<\/span><\/a><\/p>\n<p>&nbsp;<\/p>\n","protected":false},"excerpt":{"rendered":"<p>ABA_vergadering_r\u00e9union stat 24-01-2026\u00a0 \u00a0 \u00a0 ABA_vergadering_r\u00e9union stat 25-01-2025 ABA_vergadering_r\u00e9union stat 13-01-2024 ABA_vergadering_r\u00e9union stat 28_01_2023\u00a0 ABA_vergadering_r\u00e9union 07_03_2020\u00a0 \u00a0 ABA_vergadering_r\u00e9union 07-09-2019\u00a0 ABA_vergadering_r\u00e9union 22-06-2019 \u00a0ABA_vergadering_r\u00e9union 06-04-2019 ABA_vergadering_r\u00e9union 16-02-2019 ABA_vergadering_r\u00e9union 12-01-2019 \u00a0ABA_vergadering_r\u00e9union 06-10-2018 \u00a0ABA_vergadering_r\u00e9union 01-09-2018 \u00a0ABA_vergadering_r\u00e9union 16-06-2018 \u00a0ABA_vergadering_r\u00e9union 31-03-2018 \u00a0ABA_vergadering_r\u00e9union 17-02-2018 \u00a0ABA_vergadering_r\u00e9union 09-12-2017 \u00a0ABA_vergadering_r\u00e9union 07-10-2017 \u00a0ABA_vergadering_r\u00e9union 02-09-2017 \u00a0ABA_vergadering_r\u00e9union 10-06-2017 \u00a0ABA_vergadering_r\u00e9union 08-04-2017 \u00a0ABA_vergadering_r\u00e9union 04-02-2017 \u00a0ABA_vergadering_r\u00e9union 10-12-2016 \u00a0ABA_vergadering_r\u00e9union 08-10-2016 \u00a0ABA_vergadering_r\u00e9union 03-09-2016 [&hellip;]<\/p>\n","protected":false},"author":1,"featured_media":88,"parent":0,"menu_order":0,"comment_status":"closed","ping_status":"closed","template":"template-innerpage.php","meta":{"_acf_changed":false,"_exactmetrics_skip_tracking":false,"_exactmetrics_sitenote_active":false,"_exactmetrics_sitenote_note":"","_exactmetrics_sitenote_category":0,"footnotes":""},"class_list":["post-378","page","type-page","status-publish","has-post-thumbnail","hentry"],"acf":[],"yoast_head":"<!-- This site is optimized with the Yoast SEO plugin v27.0 - https:\/\/yoast.com\/product\/yoast-seo-wordpress\/ -->\n<title>Rapport R\u00e9unions - Academy Belgium<\/title>\n<meta name=\"robots\" content=\"index, follow, max-snippet:-1, max-image-preview:large, max-video-preview:-1\" \/>\n<link rel=\"canonical\" href=\"https:\/\/www.academiebelgium.be\/fr\/verslagen\/\" \/>\n<meta property=\"og:locale\" content=\"fr_FR\" \/>\n<meta property=\"og:type\" content=\"article\" \/>\n<meta property=\"og:title\" content=\"Rapport R\u00e9unions - Academy Belgium\" \/>\n<meta property=\"og:description\" content=\"ABA_vergadering_r\u00e9union stat 24-01-2026\u00a0 \u00a0 \u00a0 ABA_vergadering_r\u00e9union stat 25-01-2025 ABA_vergadering_r\u00e9union stat 13-01-2024 ABA_vergadering_r\u00e9union stat 28_01_2023\u00a0 ABA_vergadering_r\u00e9union 07_03_2020\u00a0 \u00a0 ABA_vergadering_r\u00e9union 07-09-2019\u00a0 ABA_vergadering_r\u00e9union 22-06-2019 \u00a0ABA_vergadering_r\u00e9union 06-04-2019 ABA_vergadering_r\u00e9union 16-02-2019 ABA_vergadering_r\u00e9union 12-01-2019 \u00a0ABA_vergadering_r\u00e9union 06-10-2018 \u00a0ABA_vergadering_r\u00e9union 01-09-2018 \u00a0ABA_vergadering_r\u00e9union 16-06-2018 \u00a0ABA_vergadering_r\u00e9union 31-03-2018 \u00a0ABA_vergadering_r\u00e9union 17-02-2018 \u00a0ABA_vergadering_r\u00e9union 09-12-2017 \u00a0ABA_vergadering_r\u00e9union 07-10-2017 \u00a0ABA_vergadering_r\u00e9union 02-09-2017 \u00a0ABA_vergadering_r\u00e9union 10-06-2017 \u00a0ABA_vergadering_r\u00e9union 08-04-2017 \u00a0ABA_vergadering_r\u00e9union 04-02-2017 \u00a0ABA_vergadering_r\u00e9union 10-12-2016 \u00a0ABA_vergadering_r\u00e9union 08-10-2016 \u00a0ABA_vergadering_r\u00e9union 03-09-2016 [&hellip;]\" \/>\n<meta property=\"og:url\" content=\"https:\/\/www.academiebelgium.be\/fr\/verslagen\/\" \/>\n<meta property=\"og:site_name\" content=\"Academy Belgium\" \/>\n<meta property=\"article:modified_time\" content=\"2026-02-17T19:14:26+00:00\" \/>\n<meta property=\"og:image\" content=\"https:\/\/www.academiebelgium.be\/wp-content\/uploads\/2018\/10\/banner.jpg\" \/>\n\t<meta property=\"og:image:width\" content=\"1257\" \/>\n\t<meta property=\"og:image:height\" content=\"400\" \/>\n\t<meta property=\"og:image:type\" content=\"image\/jpeg\" \/>\n<meta name=\"twitter:card\" content=\"summary_large_image\" \/>\n<meta name=\"twitter:label1\" content=\"Dur\u00e9e de lecture estim\u00e9e\" \/>\n\t<meta name=\"twitter:data1\" content=\"7 minutes\" \/>\n<script type=\"application\/ld+json\" class=\"yoast-schema-graph\">{\"@context\":\"https:\/\/schema.org\",\"@graph\":[{\"@type\":\"WebPage\",\"@id\":\"https:\/\/www.academiebelgium.be\/fr\/verslagen\/\",\"url\":\"https:\/\/www.academiebelgium.be\/fr\/verslagen\/\",\"name\":\"Rapport R\u00e9unions - Academy Belgium\",\"isPartOf\":{\"@id\":\"https:\/\/www.academiebelgium.be\/nl\/#website\"},\"primaryImageOfPage\":{\"@id\":\"https:\/\/www.academiebelgium.be\/fr\/verslagen\/#primaryimage\"},\"image\":{\"@id\":\"https:\/\/www.academiebelgium.be\/fr\/verslagen\/#primaryimage\"},\"thumbnailUrl\":\"https:\/\/www.academiebelgium.be\/wp-content\/uploads\/2018\/10\/banner.jpg\",\"datePublished\":\"2018-11-02T15:16:53+00:00\",\"dateModified\":\"2026-02-17T19:14:26+00:00\",\"breadcrumb\":{\"@id\":\"https:\/\/www.academiebelgium.be\/fr\/verslagen\/#breadcrumb\"},\"inLanguage\":\"fr-FR\",\"potentialAction\":[{\"@type\":\"ReadAction\",\"target\":[\"https:\/\/www.academiebelgium.be\/fr\/verslagen\/\"]}]},{\"@type\":\"ImageObject\",\"inLanguage\":\"fr-FR\",\"@id\":\"https:\/\/www.academiebelgium.be\/fr\/verslagen\/#primaryimage\",\"url\":\"https:\/\/www.academiebelgium.be\/wp-content\/uploads\/2018\/10\/banner.jpg\",\"contentUrl\":\"https:\/\/www.academiebelgium.be\/wp-content\/uploads\/2018\/10\/banner.jpg\",\"width\":1257,\"height\":400},{\"@type\":\"BreadcrumbList\",\"@id\":\"https:\/\/www.academiebelgium.be\/fr\/verslagen\/#breadcrumb\",\"itemListElement\":[{\"@type\":\"ListItem\",\"position\":1,\"name\":\"Home\",\"item\":\"https:\/\/www.academiebelgium.be\/fr\/home\/\"},{\"@type\":\"ListItem\",\"position\":2,\"name\":\"Rapport R\u00e9unions\"}]},{\"@type\":\"WebSite\",\"@id\":\"https:\/\/www.academiebelgium.be\/nl\/#website\",\"url\":\"https:\/\/www.academiebelgium.be\/nl\/\",\"name\":\"Academy Belgium\",\"description\":\"Just another WordPress site\",\"publisher\":{\"@id\":\"https:\/\/www.academiebelgium.be\/nl\/#organization\"},\"potentialAction\":[{\"@type\":\"SearchAction\",\"target\":{\"@type\":\"EntryPoint\",\"urlTemplate\":\"https:\/\/www.academiebelgium.be\/nl\/?s={search_term_string}\"},\"query-input\":{\"@type\":\"PropertyValueSpecification\",\"valueRequired\":true,\"valueName\":\"search_term_string\"}}],\"inLanguage\":\"fr-FR\"},{\"@type\":\"Organization\",\"@id\":\"https:\/\/www.academiebelgium.be\/nl\/#organization\",\"name\":\"Academy Belgium\",\"url\":\"https:\/\/www.academiebelgium.be\/nl\/\",\"logo\":{\"@type\":\"ImageObject\",\"inLanguage\":\"fr-FR\",\"@id\":\"https:\/\/www.academiebelgium.be\/nl\/#\/schema\/logo\/image\/\",\"url\":\"https:\/\/www.academiebelgium.be\/wp-content\/uploads\/2018\/10\/logo.png\",\"contentUrl\":\"https:\/\/www.academiebelgium.be\/wp-content\/uploads\/2018\/10\/logo.png\",\"width\":125,\"height\":125,\"caption\":\"Academy Belgium\"},\"image\":{\"@id\":\"https:\/\/www.academiebelgium.be\/nl\/#\/schema\/logo\/image\/\"}}]}<\/script>\n<!-- \/ Yoast SEO plugin. -->","yoast_head_json":{"title":"Rapport R\u00e9unions - Academy Belgium","robots":{"index":"index","follow":"follow","max-snippet":"max-snippet:-1","max-image-preview":"max-image-preview:large","max-video-preview":"max-video-preview:-1"},"canonical":"https:\/\/www.academiebelgium.be\/fr\/verslagen\/","og_locale":"fr_FR","og_type":"article","og_title":"Rapport R\u00e9unions - Academy Belgium","og_description":"ABA_vergadering_r\u00e9union stat 24-01-2026\u00a0 \u00a0 \u00a0 ABA_vergadering_r\u00e9union stat 25-01-2025 ABA_vergadering_r\u00e9union stat 13-01-2024 ABA_vergadering_r\u00e9union stat 28_01_2023\u00a0 ABA_vergadering_r\u00e9union 07_03_2020\u00a0 \u00a0 ABA_vergadering_r\u00e9union 07-09-2019\u00a0 ABA_vergadering_r\u00e9union 22-06-2019 \u00a0ABA_vergadering_r\u00e9union 06-04-2019 ABA_vergadering_r\u00e9union 16-02-2019 ABA_vergadering_r\u00e9union 12-01-2019 \u00a0ABA_vergadering_r\u00e9union 06-10-2018 \u00a0ABA_vergadering_r\u00e9union 01-09-2018 \u00a0ABA_vergadering_r\u00e9union 16-06-2018 \u00a0ABA_vergadering_r\u00e9union 31-03-2018 \u00a0ABA_vergadering_r\u00e9union 17-02-2018 \u00a0ABA_vergadering_r\u00e9union 09-12-2017 \u00a0ABA_vergadering_r\u00e9union 07-10-2017 \u00a0ABA_vergadering_r\u00e9union 02-09-2017 \u00a0ABA_vergadering_r\u00e9union 10-06-2017 \u00a0ABA_vergadering_r\u00e9union 08-04-2017 \u00a0ABA_vergadering_r\u00e9union 04-02-2017 \u00a0ABA_vergadering_r\u00e9union 10-12-2016 \u00a0ABA_vergadering_r\u00e9union 08-10-2016 \u00a0ABA_vergadering_r\u00e9union 03-09-2016 [&hellip;]","og_url":"https:\/\/www.academiebelgium.be\/fr\/verslagen\/","og_site_name":"Academy Belgium","article_modified_time":"2026-02-17T19:14:26+00:00","og_image":[{"width":1257,"height":400,"url":"https:\/\/www.academiebelgium.be\/wp-content\/uploads\/2018\/10\/banner.jpg","type":"image\/jpeg"}],"twitter_card":"summary_large_image","twitter_misc":{"Dur\u00e9e de lecture estim\u00e9e":"7 minutes"},"schema":{"@context":"https:\/\/schema.org","@graph":[{"@type":"WebPage","@id":"https:\/\/www.academiebelgium.be\/fr\/verslagen\/","url":"https:\/\/www.academiebelgium.be\/fr\/verslagen\/","name":"Rapport R\u00e9unions - Academy Belgium","isPartOf":{"@id":"https:\/\/www.academiebelgium.be\/nl\/#website"},"primaryImageOfPage":{"@id":"https:\/\/www.academiebelgium.be\/fr\/verslagen\/#primaryimage"},"image":{"@id":"https:\/\/www.academiebelgium.be\/fr\/verslagen\/#primaryimage"},"thumbnailUrl":"https:\/\/www.academiebelgium.be\/wp-content\/uploads\/2018\/10\/banner.jpg","datePublished":"2018-11-02T15:16:53+00:00","dateModified":"2026-02-17T19:14:26+00:00","breadcrumb":{"@id":"https:\/\/www.academiebelgium.be\/fr\/verslagen\/#breadcrumb"},"inLanguage":"fr-FR","potentialAction":[{"@type":"ReadAction","target":["https:\/\/www.academiebelgium.be\/fr\/verslagen\/"]}]},{"@type":"ImageObject","inLanguage":"fr-FR","@id":"https:\/\/www.academiebelgium.be\/fr\/verslagen\/#primaryimage","url":"https:\/\/www.academiebelgium.be\/wp-content\/uploads\/2018\/10\/banner.jpg","contentUrl":"https:\/\/www.academiebelgium.be\/wp-content\/uploads\/2018\/10\/banner.jpg","width":1257,"height":400},{"@type":"BreadcrumbList","@id":"https:\/\/www.academiebelgium.be\/fr\/verslagen\/#breadcrumb","itemListElement":[{"@type":"ListItem","position":1,"name":"Home","item":"https:\/\/www.academiebelgium.be\/fr\/home\/"},{"@type":"ListItem","position":2,"name":"Rapport R\u00e9unions"}]},{"@type":"WebSite","@id":"https:\/\/www.academiebelgium.be\/nl\/#website","url":"https:\/\/www.academiebelgium.be\/nl\/","name":"Academy Belgium","description":"Just another WordPress site","publisher":{"@id":"https:\/\/www.academiebelgium.be\/nl\/#organization"},"potentialAction":[{"@type":"SearchAction","target":{"@type":"EntryPoint","urlTemplate":"https:\/\/www.academiebelgium.be\/nl\/?s={search_term_string}"},"query-input":{"@type":"PropertyValueSpecification","valueRequired":true,"valueName":"search_term_string"}}],"inLanguage":"fr-FR"},{"@type":"Organization","@id":"https:\/\/www.academiebelgium.be\/nl\/#organization","name":"Academy Belgium","url":"https:\/\/www.academiebelgium.be\/nl\/","logo":{"@type":"ImageObject","inLanguage":"fr-FR","@id":"https:\/\/www.academiebelgium.be\/nl\/#\/schema\/logo\/image\/","url":"https:\/\/www.academiebelgium.be\/wp-content\/uploads\/2018\/10\/logo.png","contentUrl":"https:\/\/www.academiebelgium.be\/wp-content\/uploads\/2018\/10\/logo.png","width":125,"height":125,"caption":"Academy Belgium"},"image":{"@id":"https:\/\/www.academiebelgium.be\/nl\/#\/schema\/logo\/image\/"}}]}},"_links":{"self":[{"href":"https:\/\/www.academiebelgium.be\/fr\/wp-json\/wp\/v2\/pages\/378","targetHints":{"allow":["GET"]}}],"collection":[{"href":"https:\/\/www.academiebelgium.be\/fr\/wp-json\/wp\/v2\/pages"}],"about":[{"href":"https:\/\/www.academiebelgium.be\/fr\/wp-json\/wp\/v2\/types\/page"}],"author":[{"embeddable":true,"href":"https:\/\/www.academiebelgium.be\/fr\/wp-json\/wp\/v2\/users\/1"}],"replies":[{"embeddable":true,"href":"https:\/\/www.academiebelgium.be\/fr\/wp-json\/wp\/v2\/comments?post=378"}],"version-history":[{"count":10,"href":"https:\/\/www.academiebelgium.be\/fr\/wp-json\/wp\/v2\/pages\/378\/revisions"}],"predecessor-version":[{"id":6081,"href":"https:\/\/www.academiebelgium.be\/fr\/wp-json\/wp\/v2\/pages\/378\/revisions\/6081"}],"wp:featuredmedia":[{"embeddable":true,"href":"https:\/\/www.academiebelgium.be\/fr\/wp-json\/wp\/v2\/media\/88"}],"wp:attachment":[{"href":"https:\/\/www.academiebelgium.be\/fr\/wp-json\/wp\/v2\/media?parent=378"}],"curies":[{"name":"wp","href":"https:\/\/api.w.org\/{rel}","templated":true}]}}