{"id":385,"date":"2018-11-02T15:17:32","date_gmt":"2018-11-02T15:17:32","guid":{"rendered":"https:\/\/www.academiebelgium.be\/jacques-boulet-projs\/"},"modified":"2022-03-17T10:31:01","modified_gmt":"2022-03-17T10:31:01","slug":"jacques-boulet-prijs","status":"publish","type":"page","link":"https:\/\/www.academiebelgium.be\/fr\/jacques-boulet-prijs\/","title":{"rendered":"Prix Jacques Boulet"},"content":{"rendered":"<p>En vue de p\u00e9renniser le souvenir du Docteur Jacques Boulet, ancien Secr\u00e9taire g\u00e9n\u00e9ral de l&rsquo;Acad\u00e9mie, il a \u00e9t\u00e9 constitu\u00e9 un \u00ab Prix Jacques Boulet \u00bb visant \u00e1 honorer un philat\u00e9liste de nationalit\u00e9 belge qui se sera illustr\u00e9 par une oeuvre litt\u00e9raire d&rsquo;exception dans une ou plusieurs des disciplines reconnues par la F\u00e9d\u00e9ration Internationale de Philat\u00e9lie.<\/p>\n<p>Le \u00ab Prix Jacques Boulet \u00bb sera allou\u00e9 tous les 4 ans et remis au Laur\u00e9at lors d&rsquo;une s\u00e9ance solennelle de l&rsquo;Acad\u00e9mie.<\/p>\n<p><strong><span style=\"color: #0000ff;\">LAUR\u00c9ATS<\/span><\/strong><\/p>\n<p>2022\u00a0 \u00a0 \u00a0Coutant Guy<\/p>\n<p>2017\u00a0 \u00a0 \u00a0Schouberechts Vincent<\/p>\n<p>2013\u00a0 \u00a0 \u00a0Van der Linden James<\/p>\n<p><span style=\"color: #000000;\">2009\u00a0 \u00a0 \u00a0Delbeke Claude<\/span><\/p>\n<p>&nbsp;<\/p>\n<p>&nbsp;<\/p>\n","protected":false},"excerpt":{"rendered":"<p>En vue de p\u00e9renniser le souvenir du Docteur Jacques Boulet, ancien Secr\u00e9taire g\u00e9n\u00e9ral de l&rsquo;Acad\u00e9mie, il a \u00e9t\u00e9 constitu\u00e9 un \u00ab Prix Jacques Boulet \u00bb visant \u00e1 honorer un philat\u00e9liste de nationalit\u00e9 belge qui se sera illustr\u00e9 par une oeuvre litt\u00e9raire d&rsquo;exception dans une ou plusieurs des disciplines reconnues par la F\u00e9d\u00e9ration Internationale de Philat\u00e9lie. [&hellip;]<\/p>\n","protected":false},"author":1,"featured_media":88,"parent":0,"menu_order":0,"comment_status":"closed","ping_status":"closed","template":"template-innerpage.php","meta":{"_acf_changed":false,"_exactmetrics_skip_tracking":false,"_exactmetrics_sitenote_active":false,"_exactmetrics_sitenote_note":"","_exactmetrics_sitenote_category":0,"footnotes":""},"class_list":["post-385","page","type-page","status-publish","has-post-thumbnail","hentry"],"acf":[],"yoast_head":"<!-- This site is optimized with the Yoast SEO plugin v27.0 - https:\/\/yoast.com\/product\/yoast-seo-wordpress\/ -->\n<title>Prix Jacques Boulet - Academy Belgium<\/title>\n<meta name=\"robots\" content=\"index, follow, max-snippet:-1, max-image-preview:large, max-video-preview:-1\" \/>\n<link rel=\"canonical\" href=\"https:\/\/www.academiebelgium.be\/fr\/jacques-boulet-prijs\/\" \/>\n<meta property=\"og:locale\" content=\"fr_FR\" \/>\n<meta property=\"og:type\" content=\"article\" \/>\n<meta property=\"og:title\" content=\"Prix Jacques Boulet - Academy Belgium\" \/>\n<meta property=\"og:description\" content=\"En vue de p\u00e9renniser le souvenir du Docteur Jacques Boulet, ancien Secr\u00e9taire g\u00e9n\u00e9ral de l&rsquo;Acad\u00e9mie, il a \u00e9t\u00e9 constitu\u00e9 un \u00ab Prix Jacques Boulet \u00bb visant \u00e1 honorer un philat\u00e9liste de nationalit\u00e9 belge qui se sera illustr\u00e9 par une oeuvre litt\u00e9raire d&rsquo;exception dans une ou plusieurs des disciplines reconnues par la F\u00e9d\u00e9ration Internationale de Philat\u00e9lie. [&hellip;]\" \/>\n<meta property=\"og:url\" content=\"https:\/\/www.academiebelgium.be\/fr\/jacques-boulet-prijs\/\" \/>\n<meta property=\"og:site_name\" content=\"Academy Belgium\" \/>\n<meta property=\"article:modified_time\" content=\"2022-03-17T10:31:01+00:00\" \/>\n<meta property=\"og:image\" content=\"https:\/\/www.academiebelgium.be\/wp-content\/uploads\/2018\/10\/banner.jpg\" \/>\n\t<meta property=\"og:image:width\" content=\"1257\" \/>\n\t<meta property=\"og:image:height\" content=\"400\" \/>\n\t<meta property=\"og:image:type\" content=\"image\/jpeg\" \/>\n<meta name=\"twitter:card\" content=\"summary_large_image\" \/>\n<script type=\"application\/ld+json\" class=\"yoast-schema-graph\">{\"@context\":\"https:\/\/schema.org\",\"@graph\":[{\"@type\":\"WebPage\",\"@id\":\"https:\/\/www.academiebelgium.be\/fr\/jacques-boulet-prijs\/\",\"url\":\"https:\/\/www.academiebelgium.be\/fr\/jacques-boulet-prijs\/\",\"name\":\"Prix Jacques Boulet - Academy Belgium\",\"isPartOf\":{\"@id\":\"https:\/\/www.academiebelgium.be\/nl\/#website\"},\"primaryImageOfPage\":{\"@id\":\"https:\/\/www.academiebelgium.be\/fr\/jacques-boulet-prijs\/#primaryimage\"},\"image\":{\"@id\":\"https:\/\/www.academiebelgium.be\/fr\/jacques-boulet-prijs\/#primaryimage\"},\"thumbnailUrl\":\"https:\/\/www.academiebelgium.be\/wp-content\/uploads\/2018\/10\/banner.jpg\",\"datePublished\":\"2018-11-02T15:17:32+00:00\",\"dateModified\":\"2022-03-17T10:31:01+00:00\",\"breadcrumb\":{\"@id\":\"https:\/\/www.academiebelgium.be\/fr\/jacques-boulet-prijs\/#breadcrumb\"},\"inLanguage\":\"fr-FR\",\"potentialAction\":[{\"@type\":\"ReadAction\",\"target\":[\"https:\/\/www.academiebelgium.be\/fr\/jacques-boulet-prijs\/\"]}]},{\"@type\":\"ImageObject\",\"inLanguage\":\"fr-FR\",\"@id\":\"https:\/\/www.academiebelgium.be\/fr\/jacques-boulet-prijs\/#primaryimage\",\"url\":\"https:\/\/www.academiebelgium.be\/wp-content\/uploads\/2018\/10\/banner.jpg\",\"contentUrl\":\"https:\/\/www.academiebelgium.be\/wp-content\/uploads\/2018\/10\/banner.jpg\",\"width\":1257,\"height\":400},{\"@type\":\"BreadcrumbList\",\"@id\":\"https:\/\/www.academiebelgium.be\/fr\/jacques-boulet-prijs\/#breadcrumb\",\"itemListElement\":[{\"@type\":\"ListItem\",\"position\":1,\"name\":\"Home\",\"item\":\"https:\/\/www.academiebelgium.be\/fr\/home\/\"},{\"@type\":\"ListItem\",\"position\":2,\"name\":\"Prix Jacques Boulet\"}]},{\"@type\":\"WebSite\",\"@id\":\"https:\/\/www.academiebelgium.be\/nl\/#website\",\"url\":\"https:\/\/www.academiebelgium.be\/nl\/\",\"name\":\"Academy Belgium\",\"description\":\"Just another WordPress site\",\"publisher\":{\"@id\":\"https:\/\/www.academiebelgium.be\/nl\/#organization\"},\"potentialAction\":[{\"@type\":\"SearchAction\",\"target\":{\"@type\":\"EntryPoint\",\"urlTemplate\":\"https:\/\/www.academiebelgium.be\/nl\/?s={search_term_string}\"},\"query-input\":{\"@type\":\"PropertyValueSpecification\",\"valueRequired\":true,\"valueName\":\"search_term_string\"}}],\"inLanguage\":\"fr-FR\"},{\"@type\":\"Organization\",\"@id\":\"https:\/\/www.academiebelgium.be\/nl\/#organization\",\"name\":\"Academy Belgium\",\"url\":\"https:\/\/www.academiebelgium.be\/nl\/\",\"logo\":{\"@type\":\"ImageObject\",\"inLanguage\":\"fr-FR\",\"@id\":\"https:\/\/www.academiebelgium.be\/nl\/#\/schema\/logo\/image\/\",\"url\":\"https:\/\/www.academiebelgium.be\/wp-content\/uploads\/2018\/10\/logo.png\",\"contentUrl\":\"https:\/\/www.academiebelgium.be\/wp-content\/uploads\/2018\/10\/logo.png\",\"width\":125,\"height\":125,\"caption\":\"Academy Belgium\"},\"image\":{\"@id\":\"https:\/\/www.academiebelgium.be\/nl\/#\/schema\/logo\/image\/\"}}]}<\/script>\n<!-- \/ Yoast SEO plugin. -->","yoast_head_json":{"title":"Prix Jacques Boulet - Academy Belgium","robots":{"index":"index","follow":"follow","max-snippet":"max-snippet:-1","max-image-preview":"max-image-preview:large","max-video-preview":"max-video-preview:-1"},"canonical":"https:\/\/www.academiebelgium.be\/fr\/jacques-boulet-prijs\/","og_locale":"fr_FR","og_type":"article","og_title":"Prix Jacques Boulet - Academy Belgium","og_description":"En vue de p\u00e9renniser le souvenir du Docteur Jacques Boulet, ancien Secr\u00e9taire g\u00e9n\u00e9ral de l&rsquo;Acad\u00e9mie, il a \u00e9t\u00e9 constitu\u00e9 un \u00ab Prix Jacques Boulet \u00bb visant \u00e1 honorer un philat\u00e9liste de nationalit\u00e9 belge qui se sera illustr\u00e9 par une oeuvre litt\u00e9raire d&rsquo;exception dans une ou plusieurs des disciplines reconnues par la F\u00e9d\u00e9ration Internationale de Philat\u00e9lie. [&hellip;]","og_url":"https:\/\/www.academiebelgium.be\/fr\/jacques-boulet-prijs\/","og_site_name":"Academy Belgium","article_modified_time":"2022-03-17T10:31:01+00:00","og_image":[{"width":1257,"height":400,"url":"https:\/\/www.academiebelgium.be\/wp-content\/uploads\/2018\/10\/banner.jpg","type":"image\/jpeg"}],"twitter_card":"summary_large_image","schema":{"@context":"https:\/\/schema.org","@graph":[{"@type":"WebPage","@id":"https:\/\/www.academiebelgium.be\/fr\/jacques-boulet-prijs\/","url":"https:\/\/www.academiebelgium.be\/fr\/jacques-boulet-prijs\/","name":"Prix Jacques Boulet - Academy Belgium","isPartOf":{"@id":"https:\/\/www.academiebelgium.be\/nl\/#website"},"primaryImageOfPage":{"@id":"https:\/\/www.academiebelgium.be\/fr\/jacques-boulet-prijs\/#primaryimage"},"image":{"@id":"https:\/\/www.academiebelgium.be\/fr\/jacques-boulet-prijs\/#primaryimage"},"thumbnailUrl":"https:\/\/www.academiebelgium.be\/wp-content\/uploads\/2018\/10\/banner.jpg","datePublished":"2018-11-02T15:17:32+00:00","dateModified":"2022-03-17T10:31:01+00:00","breadcrumb":{"@id":"https:\/\/www.academiebelgium.be\/fr\/jacques-boulet-prijs\/#breadcrumb"},"inLanguage":"fr-FR","potentialAction":[{"@type":"ReadAction","target":["https:\/\/www.academiebelgium.be\/fr\/jacques-boulet-prijs\/"]}]},{"@type":"ImageObject","inLanguage":"fr-FR","@id":"https:\/\/www.academiebelgium.be\/fr\/jacques-boulet-prijs\/#primaryimage","url":"https:\/\/www.academiebelgium.be\/wp-content\/uploads\/2018\/10\/banner.jpg","contentUrl":"https:\/\/www.academiebelgium.be\/wp-content\/uploads\/2018\/10\/banner.jpg","width":1257,"height":400},{"@type":"BreadcrumbList","@id":"https:\/\/www.academiebelgium.be\/fr\/jacques-boulet-prijs\/#breadcrumb","itemListElement":[{"@type":"ListItem","position":1,"name":"Home","item":"https:\/\/www.academiebelgium.be\/fr\/home\/"},{"@type":"ListItem","position":2,"name":"Prix Jacques Boulet"}]},{"@type":"WebSite","@id":"https:\/\/www.academiebelgium.be\/nl\/#website","url":"https:\/\/www.academiebelgium.be\/nl\/","name":"Academy Belgium","description":"Just another WordPress site","publisher":{"@id":"https:\/\/www.academiebelgium.be\/nl\/#organization"},"potentialAction":[{"@type":"SearchAction","target":{"@type":"EntryPoint","urlTemplate":"https:\/\/www.academiebelgium.be\/nl\/?s={search_term_string}"},"query-input":{"@type":"PropertyValueSpecification","valueRequired":true,"valueName":"search_term_string"}}],"inLanguage":"fr-FR"},{"@type":"Organization","@id":"https:\/\/www.academiebelgium.be\/nl\/#organization","name":"Academy Belgium","url":"https:\/\/www.academiebelgium.be\/nl\/","logo":{"@type":"ImageObject","inLanguage":"fr-FR","@id":"https:\/\/www.academiebelgium.be\/nl\/#\/schema\/logo\/image\/","url":"https:\/\/www.academiebelgium.be\/wp-content\/uploads\/2018\/10\/logo.png","contentUrl":"https:\/\/www.academiebelgium.be\/wp-content\/uploads\/2018\/10\/logo.png","width":125,"height":125,"caption":"Academy Belgium"},"image":{"@id":"https:\/\/www.academiebelgium.be\/nl\/#\/schema\/logo\/image\/"}}]}},"_links":{"self":[{"href":"https:\/\/www.academiebelgium.be\/fr\/wp-json\/wp\/v2\/pages\/385","targetHints":{"allow":["GET"]}}],"collection":[{"href":"https:\/\/www.academiebelgium.be\/fr\/wp-json\/wp\/v2\/pages"}],"about":[{"href":"https:\/\/www.academiebelgium.be\/fr\/wp-json\/wp\/v2\/types\/page"}],"author":[{"embeddable":true,"href":"https:\/\/www.academiebelgium.be\/fr\/wp-json\/wp\/v2\/users\/1"}],"replies":[{"embeddable":true,"href":"https:\/\/www.academiebelgium.be\/fr\/wp-json\/wp\/v2\/comments?post=385"}],"version-history":[{"count":2,"href":"https:\/\/www.academiebelgium.be\/fr\/wp-json\/wp\/v2\/pages\/385\/revisions"}],"predecessor-version":[{"id":4594,"href":"https:\/\/www.academiebelgium.be\/fr\/wp-json\/wp\/v2\/pages\/385\/revisions\/4594"}],"wp:featuredmedia":[{"embeddable":true,"href":"https:\/\/www.academiebelgium.be\/fr\/wp-json\/wp\/v2\/media\/88"}],"wp:attachment":[{"href":"https:\/\/www.academiebelgium.be\/fr\/wp-json\/wp\/v2\/media?parent=385"}],"curies":[{"name":"wp","href":"https:\/\/api.w.org\/{rel}","templated":true}]}}