{"id":4173,"date":"2021-03-04T08:54:57","date_gmt":"2021-03-04T08:54:57","guid":{"rendered":"https:\/\/www.academiebelgium.be\/?page_id=4173"},"modified":"2026-03-04T18:38:51","modified_gmt":"2026-03-04T18:38:51","slug":"bibliotheque-aba","status":"publish","type":"page","link":"https:\/\/www.academiebelgium.be\/fr\/bibliotheque\/bibliotheque-aba\/","title":{"rendered":"Biblioth\u00e8que ABA"},"content":{"rendered":"<p><strong>Depuis 2024, la biblioth\u00e8que de l&rsquo;ABA et celle de Patrick Maselis ont fusionn\u00e9 avec celle de la FRCPB (F\u00e9d\u00e9ration royale des cercles philat\u00e9liques belges).<\/strong><\/p>\n<p>Vous pouvez consulter le catalogue de la biblioth\u00e8que via ce lien : <a href=\"https:\/\/frcpb.be\/bibliotheek.php\" target=\"_blank\" rel=\"noopener\">https:\/\/frcpb.be\/bibliotheek.php<\/a><\/p>\n<p>Consultez la page d&rsquo;informations pour planifier votre visite.<\/p>\n<p>&nbsp;<\/p>\n","protected":false},"excerpt":{"rendered":"<p>Depuis 2024, la biblioth\u00e8que de l&rsquo;ABA et celle de Patrick Maselis ont fusionn\u00e9 avec celle de la FRCPB (F\u00e9d\u00e9ration royale des cercles philat\u00e9liques belges). Vous pouvez consulter le catalogue de la biblioth\u00e8que via ce lien : https:\/\/frcpb.be\/bibliotheek.php Consultez la page d&rsquo;informations pour planifier votre visite. &nbsp;<\/p>\n","protected":false},"author":1,"featured_media":0,"parent":415,"menu_order":0,"comment_status":"closed","ping_status":"closed","template":"","meta":{"_acf_changed":false,"_exactmetrics_skip_tracking":false,"_exactmetrics_sitenote_active":false,"_exactmetrics_sitenote_note":"","_exactmetrics_sitenote_category":0,"footnotes":""},"class_list":["post-4173","page","type-page","status-publish","hentry"],"acf":[],"yoast_head":"<!-- This site is optimized with the Yoast SEO plugin v27.0 - https:\/\/yoast.com\/product\/yoast-seo-wordpress\/ -->\n<title>Biblioth\u00e8que ABA - Academy Belgium<\/title>\n<meta name=\"robots\" content=\"index, follow, max-snippet:-1, max-image-preview:large, max-video-preview:-1\" \/>\n<link rel=\"canonical\" href=\"https:\/\/www.academiebelgium.be\/fr\/bibliotheque\/bibliotheque-aba\/\" \/>\n<meta property=\"og:locale\" content=\"fr_FR\" \/>\n<meta property=\"og:type\" content=\"article\" \/>\n<meta property=\"og:title\" content=\"Biblioth\u00e8que ABA - Academy Belgium\" \/>\n<meta property=\"og:description\" content=\"Depuis 2024, la biblioth\u00e8que de l&rsquo;ABA et celle de Patrick Maselis ont fusionn\u00e9 avec celle de la FRCPB (F\u00e9d\u00e9ration royale des cercles philat\u00e9liques belges). Vous pouvez consulter le catalogue de la biblioth\u00e8que via ce lien : https:\/\/frcpb.be\/bibliotheek.php Consultez la page d&rsquo;informations pour planifier votre visite. &nbsp;\" \/>\n<meta property=\"og:url\" content=\"https:\/\/www.academiebelgium.be\/fr\/bibliotheque\/bibliotheque-aba\/\" \/>\n<meta property=\"og:site_name\" content=\"Academy Belgium\" \/>\n<meta property=\"article:modified_time\" content=\"2026-03-04T18:38:51+00:00\" \/>\n<meta name=\"twitter:card\" content=\"summary_large_image\" \/>\n<meta name=\"twitter:label1\" content=\"Dur\u00e9e de lecture estim\u00e9e\" \/>\n\t<meta name=\"twitter:data1\" content=\"1 minute\" \/>\n<script type=\"application\/ld+json\" class=\"yoast-schema-graph\">{\"@context\":\"https:\/\/schema.org\",\"@graph\":[{\"@type\":\"WebPage\",\"@id\":\"https:\/\/www.academiebelgium.be\/fr\/bibliotheque\/bibliotheque-aba\/\",\"url\":\"https:\/\/www.academiebelgium.be\/fr\/bibliotheque\/bibliotheque-aba\/\",\"name\":\"Biblioth\u00e8que ABA - Academy Belgium\",\"isPartOf\":{\"@id\":\"https:\/\/www.academiebelgium.be\/nl\/#website\"},\"datePublished\":\"2021-03-04T08:54:57+00:00\",\"dateModified\":\"2026-03-04T18:38:51+00:00\",\"breadcrumb\":{\"@id\":\"https:\/\/www.academiebelgium.be\/fr\/bibliotheque\/bibliotheque-aba\/#breadcrumb\"},\"inLanguage\":\"fr-FR\",\"potentialAction\":[{\"@type\":\"ReadAction\",\"target\":[\"https:\/\/www.academiebelgium.be\/fr\/bibliotheque\/bibliotheque-aba\/\"]}]},{\"@type\":\"BreadcrumbList\",\"@id\":\"https:\/\/www.academiebelgium.be\/fr\/bibliotheque\/bibliotheque-aba\/#breadcrumb\",\"itemListElement\":[{\"@type\":\"ListItem\",\"position\":1,\"name\":\"Home\",\"item\":\"https:\/\/www.academiebelgium.be\/fr\/home\/\"},{\"@type\":\"ListItem\",\"position\":2,\"name\":\"Biblioth\u00e8que\",\"item\":\"https:\/\/www.academiebelgium.be\/fr\/bibliotheque\/\"},{\"@type\":\"ListItem\",\"position\":3,\"name\":\"Biblioth\u00e8que ABA\"}]},{\"@type\":\"WebSite\",\"@id\":\"https:\/\/www.academiebelgium.be\/nl\/#website\",\"url\":\"https:\/\/www.academiebelgium.be\/nl\/\",\"name\":\"Academy Belgium\",\"description\":\"Just another WordPress site\",\"publisher\":{\"@id\":\"https:\/\/www.academiebelgium.be\/nl\/#organization\"},\"potentialAction\":[{\"@type\":\"SearchAction\",\"target\":{\"@type\":\"EntryPoint\",\"urlTemplate\":\"https:\/\/www.academiebelgium.be\/nl\/?s={search_term_string}\"},\"query-input\":{\"@type\":\"PropertyValueSpecification\",\"valueRequired\":true,\"valueName\":\"search_term_string\"}}],\"inLanguage\":\"fr-FR\"},{\"@type\":\"Organization\",\"@id\":\"https:\/\/www.academiebelgium.be\/nl\/#organization\",\"name\":\"Academy Belgium\",\"url\":\"https:\/\/www.academiebelgium.be\/nl\/\",\"logo\":{\"@type\":\"ImageObject\",\"inLanguage\":\"fr-FR\",\"@id\":\"https:\/\/www.academiebelgium.be\/nl\/#\/schema\/logo\/image\/\",\"url\":\"https:\/\/www.academiebelgium.be\/wp-content\/uploads\/2018\/10\/logo.png\",\"contentUrl\":\"https:\/\/www.academiebelgium.be\/wp-content\/uploads\/2018\/10\/logo.png\",\"width\":125,\"height\":125,\"caption\":\"Academy Belgium\"},\"image\":{\"@id\":\"https:\/\/www.academiebelgium.be\/nl\/#\/schema\/logo\/image\/\"}}]}<\/script>\n<!-- \/ Yoast SEO plugin. -->","yoast_head_json":{"title":"Biblioth\u00e8que ABA - Academy Belgium","robots":{"index":"index","follow":"follow","max-snippet":"max-snippet:-1","max-image-preview":"max-image-preview:large","max-video-preview":"max-video-preview:-1"},"canonical":"https:\/\/www.academiebelgium.be\/fr\/bibliotheque\/bibliotheque-aba\/","og_locale":"fr_FR","og_type":"article","og_title":"Biblioth\u00e8que ABA - Academy Belgium","og_description":"Depuis 2024, la biblioth\u00e8que de l&rsquo;ABA et celle de Patrick Maselis ont fusionn\u00e9 avec celle de la FRCPB (F\u00e9d\u00e9ration royale des cercles philat\u00e9liques belges). Vous pouvez consulter le catalogue de la biblioth\u00e8que via ce lien : https:\/\/frcpb.be\/bibliotheek.php Consultez la page d&rsquo;informations pour planifier votre visite. &nbsp;","og_url":"https:\/\/www.academiebelgium.be\/fr\/bibliotheque\/bibliotheque-aba\/","og_site_name":"Academy Belgium","article_modified_time":"2026-03-04T18:38:51+00:00","twitter_card":"summary_large_image","twitter_misc":{"Dur\u00e9e de lecture estim\u00e9e":"1 minute"},"schema":{"@context":"https:\/\/schema.org","@graph":[{"@type":"WebPage","@id":"https:\/\/www.academiebelgium.be\/fr\/bibliotheque\/bibliotheque-aba\/","url":"https:\/\/www.academiebelgium.be\/fr\/bibliotheque\/bibliotheque-aba\/","name":"Biblioth\u00e8que ABA - Academy Belgium","isPartOf":{"@id":"https:\/\/www.academiebelgium.be\/nl\/#website"},"datePublished":"2021-03-04T08:54:57+00:00","dateModified":"2026-03-04T18:38:51+00:00","breadcrumb":{"@id":"https:\/\/www.academiebelgium.be\/fr\/bibliotheque\/bibliotheque-aba\/#breadcrumb"},"inLanguage":"fr-FR","potentialAction":[{"@type":"ReadAction","target":["https:\/\/www.academiebelgium.be\/fr\/bibliotheque\/bibliotheque-aba\/"]}]},{"@type":"BreadcrumbList","@id":"https:\/\/www.academiebelgium.be\/fr\/bibliotheque\/bibliotheque-aba\/#breadcrumb","itemListElement":[{"@type":"ListItem","position":1,"name":"Home","item":"https:\/\/www.academiebelgium.be\/fr\/home\/"},{"@type":"ListItem","position":2,"name":"Biblioth\u00e8que","item":"https:\/\/www.academiebelgium.be\/fr\/bibliotheque\/"},{"@type":"ListItem","position":3,"name":"Biblioth\u00e8que ABA"}]},{"@type":"WebSite","@id":"https:\/\/www.academiebelgium.be\/nl\/#website","url":"https:\/\/www.academiebelgium.be\/nl\/","name":"Academy Belgium","description":"Just another WordPress site","publisher":{"@id":"https:\/\/www.academiebelgium.be\/nl\/#organization"},"potentialAction":[{"@type":"SearchAction","target":{"@type":"EntryPoint","urlTemplate":"https:\/\/www.academiebelgium.be\/nl\/?s={search_term_string}"},"query-input":{"@type":"PropertyValueSpecification","valueRequired":true,"valueName":"search_term_string"}}],"inLanguage":"fr-FR"},{"@type":"Organization","@id":"https:\/\/www.academiebelgium.be\/nl\/#organization","name":"Academy Belgium","url":"https:\/\/www.academiebelgium.be\/nl\/","logo":{"@type":"ImageObject","inLanguage":"fr-FR","@id":"https:\/\/www.academiebelgium.be\/nl\/#\/schema\/logo\/image\/","url":"https:\/\/www.academiebelgium.be\/wp-content\/uploads\/2018\/10\/logo.png","contentUrl":"https:\/\/www.academiebelgium.be\/wp-content\/uploads\/2018\/10\/logo.png","width":125,"height":125,"caption":"Academy Belgium"},"image":{"@id":"https:\/\/www.academiebelgium.be\/nl\/#\/schema\/logo\/image\/"}}]}},"_links":{"self":[{"href":"https:\/\/www.academiebelgium.be\/fr\/wp-json\/wp\/v2\/pages\/4173","targetHints":{"allow":["GET"]}}],"collection":[{"href":"https:\/\/www.academiebelgium.be\/fr\/wp-json\/wp\/v2\/pages"}],"about":[{"href":"https:\/\/www.academiebelgium.be\/fr\/wp-json\/wp\/v2\/types\/page"}],"author":[{"embeddable":true,"href":"https:\/\/www.academiebelgium.be\/fr\/wp-json\/wp\/v2\/users\/1"}],"replies":[{"embeddable":true,"href":"https:\/\/www.academiebelgium.be\/fr\/wp-json\/wp\/v2\/comments?post=4173"}],"version-history":[{"count":3,"href":"https:\/\/www.academiebelgium.be\/fr\/wp-json\/wp\/v2\/pages\/4173\/revisions"}],"predecessor-version":[{"id":6087,"href":"https:\/\/www.academiebelgium.be\/fr\/wp-json\/wp\/v2\/pages\/4173\/revisions\/6087"}],"up":[{"embeddable":true,"href":"https:\/\/www.academiebelgium.be\/fr\/wp-json\/wp\/v2\/pages\/415"}],"wp:attachment":[{"href":"https:\/\/www.academiebelgium.be\/fr\/wp-json\/wp\/v2\/media?parent=4173"}],"curies":[{"name":"wp","href":"https:\/\/api.w.org\/{rel}","templated":true}]}}