{"id":4182,"date":"2021-03-04T09:05:16","date_gmt":"2021-03-04T09:05:16","guid":{"rendered":"https:\/\/www.academiebelgium.be\/?page_id=4182"},"modified":"2021-04-12T09:37:29","modified_gmt":"2021-04-12T09:37:29","slug":"editions-aba","status":"publish","type":"page","link":"https:\/\/www.academiebelgium.be\/fr\/editions-aba\/","title":{"rendered":"Editions ABA"},"content":{"rendered":"<h4>Paul Wijnants<br \/>\nLivre d&rsquo;Or de la Philat\u00e9lie Belge. Les 50 ans de l&rsquo;Acad\u00e9mie de Philat\u00e9lie de Belgique<\/h4>\n<p><a href=\"https:\/\/www.academiebelgium.be\/wp-content\/uploads\/2019\/01\/0-jaar-ABA.jpg\"><img loading=\"lazy\" decoding=\"async\" class=\"size-medium wp-image-1850 alignleft\" src=\"https:\/\/www.academiebelgium.be\/wp-content\/uploads\/2019\/01\/0-jaar-ABA-215x300.jpg\" alt=\"\" width=\"215\" height=\"300\" srcset=\"https:\/\/www.academiebelgium.be\/wp-content\/uploads\/2019\/01\/0-jaar-ABA-215x300.jpg 215w, https:\/\/www.academiebelgium.be\/wp-content\/uploads\/2019\/01\/0-jaar-ABA.jpg 578w\" sizes=\"auto, (max-width: 215px) 100vw, 215px\" \/><\/a>Dans ce livre, le lecteur trouvera en d\u00e9tail l&rsquo;histoire de l&rsquo;Acad\u00e9mie de Philat\u00e9lie de Belgique (1966-2016), ainsi que les CV&rsquo;s de tous les membres, aussi bien des membres actuels que des membres anciens.<\/p>\n<h4><\/h4>\n<h4><\/h4>\n<h4><\/h4>\n<p>&nbsp;<\/p>\n<p>&nbsp;<\/p>\n<p>&nbsp;<\/p>\n<p>&nbsp;<\/p>\n<p>&nbsp;<\/p>\n<hr \/>\n<h4>Hubert Caprasse<br \/>\nLes Rouleaux \u00e0 l\u2019Effigie du Roi Baudouin Ier, type Marchand<\/h4>\n<p>2010, Acad\u00e9mie de Philat\u00e9lie de Belgique<br \/>\n159 pages\/ paginas.<\/p>\n<p><a href=\"https:\/\/www.academiebelgium.be\/wp-content\/uploads\/2021\/04\/ABA-HUBERT-scaled.jpg\"><img loading=\"lazy\" decoding=\"async\" class=\"alignnone size-medium wp-image-4266\" src=\"https:\/\/www.academiebelgium.be\/wp-content\/uploads\/2021\/04\/ABA-HUBERT-222x300.jpg\" alt=\"\" width=\"222\" height=\"300\" srcset=\"https:\/\/www.academiebelgium.be\/wp-content\/uploads\/2021\/04\/ABA-HUBERT-222x300.jpg 222w, https:\/\/www.academiebelgium.be\/wp-content\/uploads\/2021\/04\/ABA-HUBERT-757x1024.jpg 757w, https:\/\/www.academiebelgium.be\/wp-content\/uploads\/2021\/04\/ABA-HUBERT-1136x1536.jpg 1136w, https:\/\/www.academiebelgium.be\/wp-content\/uploads\/2021\/04\/ABA-HUBERT-1515x2048.jpg 1515w, https:\/\/www.academiebelgium.be\/wp-content\/uploads\/2021\/04\/ABA-HUBERT-scaled.jpg 1893w\" sizes=\"auto, (max-width: 222px) 100vw, 222px\" \/><\/a><\/p>\n<p>Les premiers timbres rouleaux ne manquent pas d&rsquo;int\u00e9r\u00eat tant par leur histoire que par leur facture et par leur utilisation. Les distinguer des timbres \u00e9mis en feuilles n&rsquo;est, souvent pas facile.<\/p>\n<p>Le livre explique en d\u00e9tail les caract\u00e9ristiques de ces timbres et les moyens de les identifier. Il \u00e9tudie leurs nuances et leurs vari\u00e9t\u00e9s. Il d\u00e9crit l&rsquo;\u00e9volution des distributeurs, l&rsquo;augmentation de leur nombre et les dommages vari\u00e9s qu&rsquo;ils ont caus\u00e9s aux timbres d\u00e9bit\u00e9s. Il illustre cette \u00e9tude au travers de nombreuses lettres et documents dont certains sont jusqu&rsquo;\u00e0 pr\u00e9sent uniques dans leur genre. Enfin, il livre au lecteur une estimation de la raret\u00e9 intrins\u00e8que des diff\u00e9rentes pi\u00e8ces que l&rsquo;on peut rencontrer. Un livre qui fait faire un grand pas dans la connaissance philat\u00e9lique d&rsquo;un domaine important dans l&rsquo;histoire postale moderne.<\/p>\n<p>&nbsp;<\/p>\n<div class=\"clear\">\n<hr \/>\n<\/div>\n<h4>Claude Delbeke<br \/>\nLivre d&rsquo;Or de la Philat\u00e9lie Belge. Les 40 ans de l&rsquo;Acad\u00e9mie de Philat\u00e9lie de Belgique<\/h4>\n<p><a href=\"https:\/\/www.academiebelgium.be\/wp-content\/uploads\/2021\/04\/ABA-40-scaled.jpg\"><img loading=\"lazy\" decoding=\"async\" class=\"alignnone size-medium wp-image-4258\" src=\"https:\/\/www.academiebelgium.be\/wp-content\/uploads\/2021\/04\/ABA-40-210x300.jpg\" alt=\"\" width=\"210\" height=\"300\" srcset=\"https:\/\/www.academiebelgium.be\/wp-content\/uploads\/2021\/04\/ABA-40-210x300.jpg 210w, https:\/\/www.academiebelgium.be\/wp-content\/uploads\/2021\/04\/ABA-40-717x1024.jpg 717w, https:\/\/www.academiebelgium.be\/wp-content\/uploads\/2021\/04\/ABA-40-1075x1536.jpg 1075w, https:\/\/www.academiebelgium.be\/wp-content\/uploads\/2021\/04\/ABA-40-1433x2048.jpg 1433w, https:\/\/www.academiebelgium.be\/wp-content\/uploads\/2021\/04\/ABA-40-scaled.jpg 1792w\" sizes=\"auto, (max-width: 210px) 100vw, 210px\" \/><\/a><\/p>\n<p>Dans ce livre, le lecteur trouvera en d\u00e9tail l&rsquo;histoire de l&rsquo;Acad\u00e9mie de Philat\u00e9lie de Belgique (1966-2006), ainsi que les CV&rsquo;s de tous les membres, aussi bien des membres actuels que des membres anciens.<\/p>\n<hr \/>\n<h4>Emile J. Van den Panhuyzen<br \/>\nLa Poste \u00e0 Bruxelles depuis ses d\u00e9buts \u00e0 1850<\/h4>\n<p>2010, Acad\u00e9mie de Philat\u00e9lie de Belgique \/ Belgische Academie voor Filatelie,<br \/>\n181 pages\/paginas.<\/p>\n<p><a href=\"https:\/\/www.academiebelgium.be\/wp-content\/uploads\/2021\/04\/ABA-EMILE-scaled.jpg\"><img loading=\"lazy\" decoding=\"async\" class=\"alignnone size-medium wp-image-4268\" src=\"https:\/\/www.academiebelgium.be\/wp-content\/uploads\/2021\/04\/ABA-EMILE-215x300.jpg\" alt=\"\" width=\"215\" height=\"300\" srcset=\"https:\/\/www.academiebelgium.be\/wp-content\/uploads\/2021\/04\/ABA-EMILE-215x300.jpg 215w, https:\/\/www.academiebelgium.be\/wp-content\/uploads\/2021\/04\/ABA-EMILE-735x1024.jpg 735w, https:\/\/www.academiebelgium.be\/wp-content\/uploads\/2021\/04\/ABA-EMILE-1103x1536.jpg 1103w, https:\/\/www.academiebelgium.be\/wp-content\/uploads\/2021\/04\/ABA-EMILE-1471x2048.jpg 1471w, https:\/\/www.academiebelgium.be\/wp-content\/uploads\/2021\/04\/ABA-EMILE-scaled.jpg 1838w\" sizes=\"auto, (max-width: 215px) 100vw, 215px\" \/><\/a><\/p>\n<p>Expert en mati\u00e8re de philat\u00e9lie fiscale, l\u2019auteur fut le concepteur et la cheville ouvri\u00e8re d\u2019un salon sur l\u2019histoire postale de Bruxelles qui se tint en 1979 dans le cadre des c\u00e9l\u00e9brations du mill\u00e9naire de Bruxelles. C\u2019est \u00e0 cette occasion que pour la premi\u00e8re fois on aboutit avec succ\u00e8s \u00e0 rassembler une documentation dispers\u00e9e dans de multiples collections pour retracer, pi\u00e8ces \u00e0 l\u2019appui, une histoire postale de la ville qui fut depuis ses origines un carrefour postal. Cette exp\u00e9rience heureuse incita sans nul doute Emile Van den Panhuyzen \u00e0 pers\u00e9v\u00e9rer dans cette voie en construisant un ensemble exceptionnel qui obtint les plus hautes r\u00e9compenses dans les expositions de la FIP. C\u2019est sur cette collection de r\u00e9f\u00e9rence de premier ordre que les fondements de ce livre furent pos\u00e9s. C\u2019est gr\u00e2ce \u00e0 plus de 200 illustrations que sont pass\u00e9es en revue les diverses p\u00e9riodes qui ont ponctu\u00e9 l\u2019histoire de la poste \u00e0 Bruxelles : les p\u00e9riodes espagnole et autrichienne marqu\u00e9es surtout par les activit\u00e9s de la famille des Tour et Tassis, l\u2019\u00e9ph\u00e9m\u00e8re \u00e9pisode de la \u00ab R\u00e9publique des Etats Belgique Unis \u00bb, les r\u00e9gimes fran\u00e7ais et hollandais et en fin de course la Belgique ind\u00e9pendante jusqu\u2019en 1850, soit \u00e0 l\u2019aube de l\u2019\u00e8re philat\u00e9lique consacrant le timbre-poste adh\u00e9sif.<\/p>\n","protected":false},"excerpt":{"rendered":"<p>Paul Wijnants Livre d&rsquo;Or de la Philat\u00e9lie Belge. Les 50 ans de l&rsquo;Acad\u00e9mie de Philat\u00e9lie de Belgique Dans ce livre, le lecteur trouvera en d\u00e9tail l&rsquo;histoire de l&rsquo;Acad\u00e9mie de Philat\u00e9lie de Belgique (1966-2016), ainsi que les CV&rsquo;s de tous les membres, aussi bien des membres actuels que des membres anciens. &nbsp; &nbsp; &nbsp; &nbsp; &nbsp; [&hellip;]<\/p>\n","protected":false},"author":1,"featured_media":0,"parent":0,"menu_order":0,"comment_status":"closed","ping_status":"closed","template":"","meta":{"_acf_changed":false,"_exactmetrics_skip_tracking":false,"_exactmetrics_sitenote_active":false,"_exactmetrics_sitenote_note":"","_exactmetrics_sitenote_category":0,"footnotes":""},"class_list":["post-4182","page","type-page","status-publish","hentry"],"acf":[],"yoast_head":"<!-- This site is optimized with the Yoast SEO plugin v27.0 - https:\/\/yoast.com\/product\/yoast-seo-wordpress\/ -->\n<title>Editions ABA - Academy Belgium<\/title>\n<meta name=\"robots\" content=\"index, follow, max-snippet:-1, max-image-preview:large, max-video-preview:-1\" \/>\n<link rel=\"canonical\" href=\"https:\/\/www.academiebelgium.be\/fr\/editions-aba\/\" \/>\n<meta property=\"og:locale\" content=\"fr_FR\" \/>\n<meta property=\"og:type\" content=\"article\" \/>\n<meta property=\"og:title\" content=\"Editions ABA - Academy Belgium\" \/>\n<meta property=\"og:description\" content=\"Paul Wijnants Livre d&rsquo;Or de la Philat\u00e9lie Belge. Les 50 ans de l&rsquo;Acad\u00e9mie de Philat\u00e9lie de Belgique Dans ce livre, le lecteur trouvera en d\u00e9tail l&rsquo;histoire de l&rsquo;Acad\u00e9mie de Philat\u00e9lie de Belgique (1966-2016), ainsi que les CV&rsquo;s de tous les membres, aussi bien des membres actuels que des membres anciens. &nbsp; &nbsp; &nbsp; &nbsp; &nbsp; [&hellip;]\" \/>\n<meta property=\"og:url\" content=\"https:\/\/www.academiebelgium.be\/fr\/editions-aba\/\" \/>\n<meta property=\"og:site_name\" content=\"Academy Belgium\" \/>\n<meta property=\"article:modified_time\" content=\"2021-04-12T09:37:29+00:00\" \/>\n<meta property=\"og:image\" content=\"https:\/\/www.academiebelgium.be\/wp-content\/uploads\/2019\/01\/0-jaar-ABA-215x300.jpg\" \/>\n<meta name=\"twitter:card\" content=\"summary_large_image\" \/>\n<meta name=\"twitter:label1\" content=\"Dur\u00e9e de lecture estim\u00e9e\" \/>\n\t<meta name=\"twitter:data1\" content=\"3 minutes\" \/>\n<script type=\"application\/ld+json\" class=\"yoast-schema-graph\">{\"@context\":\"https:\/\/schema.org\",\"@graph\":[{\"@type\":\"WebPage\",\"@id\":\"https:\/\/www.academiebelgium.be\/fr\/editions-aba\/\",\"url\":\"https:\/\/www.academiebelgium.be\/fr\/editions-aba\/\",\"name\":\"Editions ABA - Academy Belgium\",\"isPartOf\":{\"@id\":\"https:\/\/www.academiebelgium.be\/nl\/#website\"},\"primaryImageOfPage\":{\"@id\":\"https:\/\/www.academiebelgium.be\/fr\/editions-aba\/#primaryimage\"},\"image\":{\"@id\":\"https:\/\/www.academiebelgium.be\/fr\/editions-aba\/#primaryimage\"},\"thumbnailUrl\":\"https:\/\/www.academiebelgium.be\/wp-content\/uploads\/2019\/01\/0-jaar-ABA-215x300.jpg\",\"datePublished\":\"2021-03-04T09:05:16+00:00\",\"dateModified\":\"2021-04-12T09:37:29+00:00\",\"breadcrumb\":{\"@id\":\"https:\/\/www.academiebelgium.be\/fr\/editions-aba\/#breadcrumb\"},\"inLanguage\":\"fr-FR\",\"potentialAction\":[{\"@type\":\"ReadAction\",\"target\":[\"https:\/\/www.academiebelgium.be\/fr\/editions-aba\/\"]}]},{\"@type\":\"ImageObject\",\"inLanguage\":\"fr-FR\",\"@id\":\"https:\/\/www.academiebelgium.be\/fr\/editions-aba\/#primaryimage\",\"url\":\"https:\/\/www.academiebelgium.be\/wp-content\/uploads\/2019\/01\/0-jaar-ABA-215x300.jpg\",\"contentUrl\":\"https:\/\/www.academiebelgium.be\/wp-content\/uploads\/2019\/01\/0-jaar-ABA-215x300.jpg\"},{\"@type\":\"BreadcrumbList\",\"@id\":\"https:\/\/www.academiebelgium.be\/fr\/editions-aba\/#breadcrumb\",\"itemListElement\":[{\"@type\":\"ListItem\",\"position\":1,\"name\":\"Home\",\"item\":\"https:\/\/www.academiebelgium.be\/fr\/home\/\"},{\"@type\":\"ListItem\",\"position\":2,\"name\":\"Editions ABA\"}]},{\"@type\":\"WebSite\",\"@id\":\"https:\/\/www.academiebelgium.be\/nl\/#website\",\"url\":\"https:\/\/www.academiebelgium.be\/nl\/\",\"name\":\"Academy Belgium\",\"description\":\"Just another WordPress site\",\"publisher\":{\"@id\":\"https:\/\/www.academiebelgium.be\/nl\/#organization\"},\"potentialAction\":[{\"@type\":\"SearchAction\",\"target\":{\"@type\":\"EntryPoint\",\"urlTemplate\":\"https:\/\/www.academiebelgium.be\/nl\/?s={search_term_string}\"},\"query-input\":{\"@type\":\"PropertyValueSpecification\",\"valueRequired\":true,\"valueName\":\"search_term_string\"}}],\"inLanguage\":\"fr-FR\"},{\"@type\":\"Organization\",\"@id\":\"https:\/\/www.academiebelgium.be\/nl\/#organization\",\"name\":\"Academy Belgium\",\"url\":\"https:\/\/www.academiebelgium.be\/nl\/\",\"logo\":{\"@type\":\"ImageObject\",\"inLanguage\":\"fr-FR\",\"@id\":\"https:\/\/www.academiebelgium.be\/nl\/#\/schema\/logo\/image\/\",\"url\":\"https:\/\/www.academiebelgium.be\/wp-content\/uploads\/2018\/10\/logo.png\",\"contentUrl\":\"https:\/\/www.academiebelgium.be\/wp-content\/uploads\/2018\/10\/logo.png\",\"width\":125,\"height\":125,\"caption\":\"Academy Belgium\"},\"image\":{\"@id\":\"https:\/\/www.academiebelgium.be\/nl\/#\/schema\/logo\/image\/\"}}]}<\/script>\n<!-- \/ Yoast SEO plugin. -->","yoast_head_json":{"title":"Editions ABA - Academy Belgium","robots":{"index":"index","follow":"follow","max-snippet":"max-snippet:-1","max-image-preview":"max-image-preview:large","max-video-preview":"max-video-preview:-1"},"canonical":"https:\/\/www.academiebelgium.be\/fr\/editions-aba\/","og_locale":"fr_FR","og_type":"article","og_title":"Editions ABA - Academy Belgium","og_description":"Paul Wijnants Livre d&rsquo;Or de la Philat\u00e9lie Belge. Les 50 ans de l&rsquo;Acad\u00e9mie de Philat\u00e9lie de Belgique Dans ce livre, le lecteur trouvera en d\u00e9tail l&rsquo;histoire de l&rsquo;Acad\u00e9mie de Philat\u00e9lie de Belgique (1966-2016), ainsi que les CV&rsquo;s de tous les membres, aussi bien des membres actuels que des membres anciens. &nbsp; &nbsp; &nbsp; &nbsp; &nbsp; [&hellip;]","og_url":"https:\/\/www.academiebelgium.be\/fr\/editions-aba\/","og_site_name":"Academy Belgium","article_modified_time":"2021-04-12T09:37:29+00:00","og_image":[{"url":"https:\/\/www.academiebelgium.be\/wp-content\/uploads\/2019\/01\/0-jaar-ABA-215x300.jpg","type":"","width":"","height":""}],"twitter_card":"summary_large_image","twitter_misc":{"Dur\u00e9e de lecture estim\u00e9e":"3 minutes"},"schema":{"@context":"https:\/\/schema.org","@graph":[{"@type":"WebPage","@id":"https:\/\/www.academiebelgium.be\/fr\/editions-aba\/","url":"https:\/\/www.academiebelgium.be\/fr\/editions-aba\/","name":"Editions ABA - Academy Belgium","isPartOf":{"@id":"https:\/\/www.academiebelgium.be\/nl\/#website"},"primaryImageOfPage":{"@id":"https:\/\/www.academiebelgium.be\/fr\/editions-aba\/#primaryimage"},"image":{"@id":"https:\/\/www.academiebelgium.be\/fr\/editions-aba\/#primaryimage"},"thumbnailUrl":"https:\/\/www.academiebelgium.be\/wp-content\/uploads\/2019\/01\/0-jaar-ABA-215x300.jpg","datePublished":"2021-03-04T09:05:16+00:00","dateModified":"2021-04-12T09:37:29+00:00","breadcrumb":{"@id":"https:\/\/www.academiebelgium.be\/fr\/editions-aba\/#breadcrumb"},"inLanguage":"fr-FR","potentialAction":[{"@type":"ReadAction","target":["https:\/\/www.academiebelgium.be\/fr\/editions-aba\/"]}]},{"@type":"ImageObject","inLanguage":"fr-FR","@id":"https:\/\/www.academiebelgium.be\/fr\/editions-aba\/#primaryimage","url":"https:\/\/www.academiebelgium.be\/wp-content\/uploads\/2019\/01\/0-jaar-ABA-215x300.jpg","contentUrl":"https:\/\/www.academiebelgium.be\/wp-content\/uploads\/2019\/01\/0-jaar-ABA-215x300.jpg"},{"@type":"BreadcrumbList","@id":"https:\/\/www.academiebelgium.be\/fr\/editions-aba\/#breadcrumb","itemListElement":[{"@type":"ListItem","position":1,"name":"Home","item":"https:\/\/www.academiebelgium.be\/fr\/home\/"},{"@type":"ListItem","position":2,"name":"Editions ABA"}]},{"@type":"WebSite","@id":"https:\/\/www.academiebelgium.be\/nl\/#website","url":"https:\/\/www.academiebelgium.be\/nl\/","name":"Academy Belgium","description":"Just another WordPress site","publisher":{"@id":"https:\/\/www.academiebelgium.be\/nl\/#organization"},"potentialAction":[{"@type":"SearchAction","target":{"@type":"EntryPoint","urlTemplate":"https:\/\/www.academiebelgium.be\/nl\/?s={search_term_string}"},"query-input":{"@type":"PropertyValueSpecification","valueRequired":true,"valueName":"search_term_string"}}],"inLanguage":"fr-FR"},{"@type":"Organization","@id":"https:\/\/www.academiebelgium.be\/nl\/#organization","name":"Academy Belgium","url":"https:\/\/www.academiebelgium.be\/nl\/","logo":{"@type":"ImageObject","inLanguage":"fr-FR","@id":"https:\/\/www.academiebelgium.be\/nl\/#\/schema\/logo\/image\/","url":"https:\/\/www.academiebelgium.be\/wp-content\/uploads\/2018\/10\/logo.png","contentUrl":"https:\/\/www.academiebelgium.be\/wp-content\/uploads\/2018\/10\/logo.png","width":125,"height":125,"caption":"Academy Belgium"},"image":{"@id":"https:\/\/www.academiebelgium.be\/nl\/#\/schema\/logo\/image\/"}}]}},"_links":{"self":[{"href":"https:\/\/www.academiebelgium.be\/fr\/wp-json\/wp\/v2\/pages\/4182","targetHints":{"allow":["GET"]}}],"collection":[{"href":"https:\/\/www.academiebelgium.be\/fr\/wp-json\/wp\/v2\/pages"}],"about":[{"href":"https:\/\/www.academiebelgium.be\/fr\/wp-json\/wp\/v2\/types\/page"}],"author":[{"embeddable":true,"href":"https:\/\/www.academiebelgium.be\/fr\/wp-json\/wp\/v2\/users\/1"}],"replies":[{"embeddable":true,"href":"https:\/\/www.academiebelgium.be\/fr\/wp-json\/wp\/v2\/comments?post=4182"}],"version-history":[{"count":0,"href":"https:\/\/www.academiebelgium.be\/fr\/wp-json\/wp\/v2\/pages\/4182\/revisions"}],"wp:attachment":[{"href":"https:\/\/www.academiebelgium.be\/fr\/wp-json\/wp\/v2\/media?parent=4182"}],"curies":[{"name":"wp","href":"https:\/\/api.w.org\/{rel}","templated":true}]}}