{"id":524,"date":"2018-11-09T14:40:42","date_gmt":"2018-11-09T14:40:42","guid":{"rendered":"https:\/\/www.academiebelgium.be\/cookie-policy\/"},"modified":"2019-03-07T13:41:08","modified_gmt":"2019-03-07T13:41:08","slug":"cookie-policy","status":"publish","type":"page","link":"https:\/\/www.academiebelgium.be\/fr\/cookie-policy\/","title":{"rendered":"Cookie policy"},"content":{"rendered":"<h1>Politique en mati\u00e8re de cookies<\/h1>\n<p><em>Derni\u00e8re mise \u00e0 jour le 07\/03\/2019.<\/em><\/p>\n<p>&nbsp;<\/p>\n<h2>1. Bienvenue<\/h2>\n<p>Nous sommes l\u2019Acad\u00e9mie Royale de Philat\u00e9lie, une vzw, \u00e9tablie \u00e0 Rue Jules Besme 126 &#8211; 1081 Bruxelles.<\/p>\n<p>Dans la pr\u00e9sente Politique en mati\u00e8re de cookies, nous vous expliquons quelles informations nous pouvons collecter via notre site Internet gr\u00e2ce aux cookies et comment nous les utilisons pour am\u00e9liorer nos services.<\/p>\n<p>En utilisant notre site Internet, vous acceptez notre usage des cookies.<\/p>\n<p>&nbsp;<\/p>\n<h2>2. Cookies<\/h2>\n<p>Un <em>cookie<\/em> est un petit fichier install\u00e9 temporairement par une page Internet sur votre ordinateur ou appareil mobile quand vous visitez un site Internet. Un cookie nous permet d\u2019identifier l\u2019appareil avec lequel vous visitez notre site sans que cela nous donne acc\u00e8s \u00e0 vos donn\u00e9es personnelles.<\/p>\n<p>Les cookies sont faciles \u00e0 supprimer via les r\u00e9glages de votre navigateur. Vous pouvez param\u00e9trer votre navigateur de mani\u00e8re \u00e0 ce qu\u2019il refuse syst\u00e9matiquement les cookies. Cependant, cela peut g\u00eaner l\u2019utilisation de notre site Internet ou emp\u00eacher l\u2019acc\u00e8s \u00e0 certaines fonctionnalit\u00e9s.<\/p>\n<p>&nbsp;<\/p>\n<h2>Types de cookies<\/h2>\n<h3>2.1.\u00a0 COOKIES Fonctionnels<\/h3>\n<p>Les cookies techniques peuvent servir \u00e0 garantir le bon fonctionnement de notre site Internet. Ils pr\u00e9sentent l\u2019avantage que vous ne deviez pas toujours saisir ou charger les m\u00eames informations ou r\u00e9glages \u00e0 chacune de vos visites sur notre site Internet\u00a0:<\/p>\n<ul>\n<li><strong>Cloudflare<\/strong>. Ce cookie est supprim\u00e9 apr\u00e8s un d\u00e9lai de 1 an. <u>(<a href=\"https:\/\/www.cloudflare.com\/privacypolicy\/\">https:\/\/www.cloudflare.com\/privacypolicy\/<\/a>)<\/u><\/li>\n<\/ul>\n<p>&nbsp;<\/p>\n<h3>2.2.\u00a0 COOKIES D\u2019Analyse<\/h3>\n<p>Gr\u00e2ce \u00e0 ces cookies, nous pouvons proc\u00e9der \u00e0 une analyse g\u00e9n\u00e9rale de l\u2019utilisation de notre site Internet. Sur la base de statistiques anonymes, nous obtenons ainsi une id\u00e9e de la mani\u00e8re dont sont visit\u00e9es nos pages Internet, \u00e0 quelle fr\u00e9quence et pendant combien de temps. Cela nous permet d\u2019am\u00e9liorer et d\u2019optimiser notre site sur la base de ces informations\u00a0:<\/p>\n<ul>\n<li><strong>Google Analytics<\/strong>. Ce cookie est supprim\u00e9 apr\u00e8s la session. (<a href=\"https:\/\/policies.google.com\/privacy\">https:\/\/policies.google.com\/privacy<\/a>)<\/li>\n<\/ul>\n<p>&nbsp;<\/p>\n","protected":false},"excerpt":{"rendered":"<p>Politique en mati\u00e8re de cookies Derni\u00e8re mise \u00e0 jour le 07\/03\/2019. &nbsp; 1. Bienvenue Nous sommes l\u2019Acad\u00e9mie Royale de Philat\u00e9lie, une vzw, \u00e9tablie \u00e0 Rue Jules Besme 126 &#8211; 1081 Bruxelles. Dans la pr\u00e9sente Politique en mati\u00e8re de cookies, nous vous expliquons quelles informations nous pouvons collecter via notre site Internet gr\u00e2ce aux cookies et [&hellip;]<\/p>\n","protected":false},"author":1,"featured_media":0,"parent":0,"menu_order":0,"comment_status":"closed","ping_status":"closed","template":"template-innerpage.php","meta":{"_acf_changed":false,"_exactmetrics_skip_tracking":false,"_exactmetrics_sitenote_active":false,"_exactmetrics_sitenote_note":"","_exactmetrics_sitenote_category":0,"footnotes":""},"class_list":["post-524","page","type-page","status-publish","hentry"],"acf":[],"yoast_head":"<!-- This site is optimized with the Yoast SEO plugin v27.0 - https:\/\/yoast.com\/product\/yoast-seo-wordpress\/ -->\n<title>Cookie policy - Academy Belgium<\/title>\n<meta name=\"robots\" content=\"index, follow, max-snippet:-1, max-image-preview:large, max-video-preview:-1\" \/>\n<link rel=\"canonical\" href=\"https:\/\/www.academiebelgium.be\/fr\/cookie-policy\/\" \/>\n<meta property=\"og:locale\" content=\"fr_FR\" \/>\n<meta property=\"og:type\" content=\"article\" \/>\n<meta property=\"og:title\" content=\"Cookie policy - Academy Belgium\" \/>\n<meta property=\"og:description\" content=\"Politique en mati\u00e8re de cookies Derni\u00e8re mise \u00e0 jour le 07\/03\/2019. &nbsp; 1. Bienvenue Nous sommes l\u2019Acad\u00e9mie Royale de Philat\u00e9lie, une vzw, \u00e9tablie \u00e0 Rue Jules Besme 126 &#8211; 1081 Bruxelles. Dans la pr\u00e9sente Politique en mati\u00e8re de cookies, nous vous expliquons quelles informations nous pouvons collecter via notre site Internet gr\u00e2ce aux cookies et [&hellip;]\" \/>\n<meta property=\"og:url\" content=\"https:\/\/www.academiebelgium.be\/fr\/cookie-policy\/\" \/>\n<meta property=\"og:site_name\" content=\"Academy Belgium\" \/>\n<meta property=\"article:modified_time\" content=\"2019-03-07T13:41:08+00:00\" \/>\n<meta name=\"twitter:card\" content=\"summary_large_image\" \/>\n<meta name=\"twitter:label1\" content=\"Dur\u00e9e de lecture estim\u00e9e\" \/>\n\t<meta name=\"twitter:data1\" content=\"2 minutes\" \/>\n<script type=\"application\/ld+json\" class=\"yoast-schema-graph\">{\"@context\":\"https:\/\/schema.org\",\"@graph\":[{\"@type\":\"WebPage\",\"@id\":\"https:\/\/www.academiebelgium.be\/fr\/cookie-policy\/\",\"url\":\"https:\/\/www.academiebelgium.be\/fr\/cookie-policy\/\",\"name\":\"Cookie policy - Academy Belgium\",\"isPartOf\":{\"@id\":\"https:\/\/www.academiebelgium.be\/nl\/#website\"},\"datePublished\":\"2018-11-09T14:40:42+00:00\",\"dateModified\":\"2019-03-07T13:41:08+00:00\",\"breadcrumb\":{\"@id\":\"https:\/\/www.academiebelgium.be\/fr\/cookie-policy\/#breadcrumb\"},\"inLanguage\":\"fr-FR\",\"potentialAction\":[{\"@type\":\"ReadAction\",\"target\":[\"https:\/\/www.academiebelgium.be\/fr\/cookie-policy\/\"]}]},{\"@type\":\"BreadcrumbList\",\"@id\":\"https:\/\/www.academiebelgium.be\/fr\/cookie-policy\/#breadcrumb\",\"itemListElement\":[{\"@type\":\"ListItem\",\"position\":1,\"name\":\"Home\",\"item\":\"https:\/\/www.academiebelgium.be\/fr\/home\/\"},{\"@type\":\"ListItem\",\"position\":2,\"name\":\"Cookie policy\"}]},{\"@type\":\"WebSite\",\"@id\":\"https:\/\/www.academiebelgium.be\/nl\/#website\",\"url\":\"https:\/\/www.academiebelgium.be\/nl\/\",\"name\":\"Academy Belgium\",\"description\":\"Just another WordPress site\",\"publisher\":{\"@id\":\"https:\/\/www.academiebelgium.be\/nl\/#organization\"},\"potentialAction\":[{\"@type\":\"SearchAction\",\"target\":{\"@type\":\"EntryPoint\",\"urlTemplate\":\"https:\/\/www.academiebelgium.be\/nl\/?s={search_term_string}\"},\"query-input\":{\"@type\":\"PropertyValueSpecification\",\"valueRequired\":true,\"valueName\":\"search_term_string\"}}],\"inLanguage\":\"fr-FR\"},{\"@type\":\"Organization\",\"@id\":\"https:\/\/www.academiebelgium.be\/nl\/#organization\",\"name\":\"Academy Belgium\",\"url\":\"https:\/\/www.academiebelgium.be\/nl\/\",\"logo\":{\"@type\":\"ImageObject\",\"inLanguage\":\"fr-FR\",\"@id\":\"https:\/\/www.academiebelgium.be\/nl\/#\/schema\/logo\/image\/\",\"url\":\"https:\/\/www.academiebelgium.be\/wp-content\/uploads\/2018\/10\/logo.png\",\"contentUrl\":\"https:\/\/www.academiebelgium.be\/wp-content\/uploads\/2018\/10\/logo.png\",\"width\":125,\"height\":125,\"caption\":\"Academy Belgium\"},\"image\":{\"@id\":\"https:\/\/www.academiebelgium.be\/nl\/#\/schema\/logo\/image\/\"}}]}<\/script>\n<!-- \/ Yoast SEO plugin. -->","yoast_head_json":{"title":"Cookie policy - Academy Belgium","robots":{"index":"index","follow":"follow","max-snippet":"max-snippet:-1","max-image-preview":"max-image-preview:large","max-video-preview":"max-video-preview:-1"},"canonical":"https:\/\/www.academiebelgium.be\/fr\/cookie-policy\/","og_locale":"fr_FR","og_type":"article","og_title":"Cookie policy - Academy Belgium","og_description":"Politique en mati\u00e8re de cookies Derni\u00e8re mise \u00e0 jour le 07\/03\/2019. &nbsp; 1. Bienvenue Nous sommes l\u2019Acad\u00e9mie Royale de Philat\u00e9lie, une vzw, \u00e9tablie \u00e0 Rue Jules Besme 126 &#8211; 1081 Bruxelles. Dans la pr\u00e9sente Politique en mati\u00e8re de cookies, nous vous expliquons quelles informations nous pouvons collecter via notre site Internet gr\u00e2ce aux cookies et [&hellip;]","og_url":"https:\/\/www.academiebelgium.be\/fr\/cookie-policy\/","og_site_name":"Academy Belgium","article_modified_time":"2019-03-07T13:41:08+00:00","twitter_card":"summary_large_image","twitter_misc":{"Dur\u00e9e de lecture estim\u00e9e":"2 minutes"},"schema":{"@context":"https:\/\/schema.org","@graph":[{"@type":"WebPage","@id":"https:\/\/www.academiebelgium.be\/fr\/cookie-policy\/","url":"https:\/\/www.academiebelgium.be\/fr\/cookie-policy\/","name":"Cookie policy - Academy Belgium","isPartOf":{"@id":"https:\/\/www.academiebelgium.be\/nl\/#website"},"datePublished":"2018-11-09T14:40:42+00:00","dateModified":"2019-03-07T13:41:08+00:00","breadcrumb":{"@id":"https:\/\/www.academiebelgium.be\/fr\/cookie-policy\/#breadcrumb"},"inLanguage":"fr-FR","potentialAction":[{"@type":"ReadAction","target":["https:\/\/www.academiebelgium.be\/fr\/cookie-policy\/"]}]},{"@type":"BreadcrumbList","@id":"https:\/\/www.academiebelgium.be\/fr\/cookie-policy\/#breadcrumb","itemListElement":[{"@type":"ListItem","position":1,"name":"Home","item":"https:\/\/www.academiebelgium.be\/fr\/home\/"},{"@type":"ListItem","position":2,"name":"Cookie policy"}]},{"@type":"WebSite","@id":"https:\/\/www.academiebelgium.be\/nl\/#website","url":"https:\/\/www.academiebelgium.be\/nl\/","name":"Academy Belgium","description":"Just another WordPress site","publisher":{"@id":"https:\/\/www.academiebelgium.be\/nl\/#organization"},"potentialAction":[{"@type":"SearchAction","target":{"@type":"EntryPoint","urlTemplate":"https:\/\/www.academiebelgium.be\/nl\/?s={search_term_string}"},"query-input":{"@type":"PropertyValueSpecification","valueRequired":true,"valueName":"search_term_string"}}],"inLanguage":"fr-FR"},{"@type":"Organization","@id":"https:\/\/www.academiebelgium.be\/nl\/#organization","name":"Academy Belgium","url":"https:\/\/www.academiebelgium.be\/nl\/","logo":{"@type":"ImageObject","inLanguage":"fr-FR","@id":"https:\/\/www.academiebelgium.be\/nl\/#\/schema\/logo\/image\/","url":"https:\/\/www.academiebelgium.be\/wp-content\/uploads\/2018\/10\/logo.png","contentUrl":"https:\/\/www.academiebelgium.be\/wp-content\/uploads\/2018\/10\/logo.png","width":125,"height":125,"caption":"Academy Belgium"},"image":{"@id":"https:\/\/www.academiebelgium.be\/nl\/#\/schema\/logo\/image\/"}}]}},"_links":{"self":[{"href":"https:\/\/www.academiebelgium.be\/fr\/wp-json\/wp\/v2\/pages\/524","targetHints":{"allow":["GET"]}}],"collection":[{"href":"https:\/\/www.academiebelgium.be\/fr\/wp-json\/wp\/v2\/pages"}],"about":[{"href":"https:\/\/www.academiebelgium.be\/fr\/wp-json\/wp\/v2\/types\/page"}],"author":[{"embeddable":true,"href":"https:\/\/www.academiebelgium.be\/fr\/wp-json\/wp\/v2\/users\/1"}],"replies":[{"embeddable":true,"href":"https:\/\/www.academiebelgium.be\/fr\/wp-json\/wp\/v2\/comments?post=524"}],"version-history":[{"count":0,"href":"https:\/\/www.academiebelgium.be\/fr\/wp-json\/wp\/v2\/pages\/524\/revisions"}],"wp:attachment":[{"href":"https:\/\/www.academiebelgium.be\/fr\/wp-json\/wp\/v2\/media?parent=524"}],"curies":[{"name":"wp","href":"https:\/\/api.w.org\/{rel}","templated":true}]}}