{"id":350,"date":"2018-11-02T15:13:14","date_gmt":"2018-11-02T15:13:14","guid":{"rendered":"https:\/\/www.academiebelgium.be\/?page_id=350"},"modified":"2026-05-07T10:14:33","modified_gmt":"2026-05-07T10:14:33","slug":"historiek","status":"publish","type":"page","link":"https:\/\/www.academiebelgium.be\/nl\/historiek\/","title":{"rendered":"Historiek"},"content":{"rendered":"<h3>Een beetje geschiedenis \u2026<\/h3>\n<h4>Zo begon het \u2026<\/h4>\n<h4>De Koninklijke Academie is na de Franse ( gesticht in 1928 ) de tweede oudste nationale Academie.<\/h4>\n<p>Op 25 maart 1966 vergaderden enkele vooraanstaande filatelisten op initiatief van Raoul Hubinont te Brussel om de oprichting van de Academie vaste vorm te geven. De 22 stichters die in hoofdzaak verkozen werden uit de titularissen van de &#8216;P. de Smeth&#8217;-literatuurprijs waren:<\/p>\n<p>Andr\u00e9 J. &#8211; Braunstein I. &#8211; Crustin J. &#8211; De Clercq L. &#8211; Dupont J. &#8211; Herlant L. &#8211; Hornick A. &#8211; Hubinont R. &#8211; Jordens J. &#8211; Lev\u00eaque R. &#8211; Marler R. &#8211; Martin H. &#8211; Moiny Cl. &#8211; Plancquaert J. &#8211; St\u00e9venot A. &#8211; Symens J. &#8211; Trussart G. &#8211; Van de Moortel M. &#8211; Van der Auwera R. &#8211; Vos L. &#8211; Walravens Ph. &#8211; Wuidar G.<\/p>\n<p><img decoding=\"async\" src=\"https:\/\/www.academiebelgium.be\/images\/historiek.jpg\" \/><\/p>\n<p>28.1.1967 &#8211; Stichtingsceremonie \u2013 vlnr : L Herlant, J. Plancquaert, gastspreker L. Dubus (Fr.), voorzitter J. Dupont, R. Hubinont, J. Crustin, J. Symens en R. Marlier<\/p>\n<p>De stichting werd geruggensteund door de Landsbond en meer in het bijzonder door zijn voorzitter G. Trussart en door de bondsecretaris R. Van der Auwera, beiden stichtend lid.<\/p>\n<p>De voornaamste doelstellingen waren:<\/p>\n<ul>\n<li>het bevorderen van de ontwikkeling van de filatelie<\/li>\n<li>het verenigen van de Belgische elite om via publicaties de opgedane kennis te verspreiden<\/li>\n<li>het levendig houden van de nagedachtenis aan de voornaamste filatelistische persoonlijkheden.<\/li>\n<\/ul>\n<h4><strong><span style=\"color: #0000ff;\">Om de nagedachtenis van vooraanstaande filatelisten levendig te houden, wordt aan de titulaire leden een zetel toegewezen die de naam draagt van deze personaliteiten. De ontvangstrede bestaat in een huldebetoon aan de overledene.<\/span><\/strong><\/h4>\n<p>De eerste Raad van bestuur was als volgt samengesteld:<\/p>\n<ul>\n<li>Voorzitter: Dupont J.<\/li>\n<li>Ondervoorzitter voor de Brusselse Regio: Plancquaert J.<\/li>\n<li>Ondervoorzitter voor het Vlaams Gewest: Herlant L.<\/li>\n<li>Ondervoorzitter voor het Waals Gewest: Crustin J.<\/li>\n<li>Secretaris-generaal: Symens J.<\/li>\n<li>Schatbewaarder-archivaris: Marler R.<\/li>\n<\/ul>\n<h4><strong><span style=\"color: #0000ff;\">Geen geheimzinnig genootschap \u2026<\/span><\/strong><\/h4>\n<h4><strong><span style=\"color: #0000ff;\">Onder leiding van R. Hubinont verschijnt in de aanvangsjaren het \u201cBulletin de l\u2019Acad\u00e9mie.\u201d<\/span><\/strong><\/h4>\n<p>Verschillende leden van de academie \u2013 onder wie R. Hubinont . Dr. Van Grunderbeek en R. Vervisch \u2013 publiceerden in de aanvangsperiode regelmatig verslagen van de vergaderingen o.a. in Balasse-Magazine en Belgica.<\/p>\n<p>Vanaf 1991 publiceerden de opeenvolgende secretarissen C. Delbeke (19991-95), J. Boulet (1996-2008) en R. Verpoort (vanaf 2009) verslagen van de vergaderingen in de BPH, en later ook in Het Land van Waes. Vanaf heden verschijnen ze eveneens op de website.<\/p>\n<p>Zetelredes van de nieuwe titulaire leden werden tevens op onregelmatige tijdstippen gepubliceerd. Al de beschikbare zetelredes (tot 2005) werden eveneens gepubliceerd in het \u201cGouden boek van de Belgische Filatelie\u201d, dat in 2006 verscheen ter gelegenheid van de 40ste verjaardag van de Academie.<\/p>\n<p>Op 28.1.1967 werd een plechtige stichtingsceremonie gehouden onder voorzitterschap van J. Dupont. L. Dubus van de Franse Academie hield een lezing \u201cDe Transatlantische Scheepspost\u201d. R. Hubinont lichtte de bestaansredenen van de Koninklijke Academie toe.<\/p>\n<p>De Franstalige vleugel van de Academie hield op 29.4.1967 een inhuldigingsvergadering in het Congrespaleis van Luik en op 28.9.1968 werd een belangrijke promotievergadering ten gunste van de filatelie ingericht door J. Crustin te Verviers. Beiden werden bijgewoond door de Minister van PTT, dhr. Maisse.<\/p>\n<h4><strong><span style=\"color: #0000ff;\">Enkele markante feiten \u2026<\/span><\/strong><\/h4>\n<p>In 1969 publiceert de Academie de &#8216;Dictionnaire des Bureaux de Poste de Belgique 1830 &#8211; 1914&#8242; van Dr. J. Stibbe.<\/p>\n<p>Op 24 april 1970 wordt L. Herlant voorzitter. J. Symens wordt secretaris en I. Braunstein penningmeester<\/p>\n<p>In 1971 publiceert de Academie de \u00ab Catalogue des Estampilles et Oblit\u00e9rations Allemandes dans les Etapes du Front Ouest \u00bb van R. Hubinont en \u00ab Les cachets M\u00e9t\u00e9ores sur Medaillons \u00bb van A. Van Grunderbeek. Ze kende ook een gouden medaille toe aan H. Van Roye voor zijn werk over de Postgeschiedenis van Kortrijk.<\/p>\n<p>Op 4.3.1972 vindt een buitengewone algemene vergadering plaats. De voorstellen tot wijziging van de statuten worden grotendeels verworpen. L. Herlant wordt als voorzitter bevestigd, I. Braunstein wordt secretaris en R. Marler penningmeester.<\/p>\n<p>Op 17.11.1973 wordt op een buitengewone algemene vergadering de afschaffing van de regionale ondervoorzitters beslist. J. Symens wordt de enige ondervoorzitter. Dr. Van Grunderbeek volgt I. Braunstein op als secretaris.<br \/>\nHr Bouret ontvangt een gouden medaille van de Academie voor een werk over Tournai.<\/p>\n<p>Op 22.11.1975 volgt Jules Plancquaert L. Herlant op als voorzitter.<\/p>\n<p>Op 6.11.1976 wordt Edmond Struyf, voorzitter van Pro-Post, als eerste erelid van de Academie verkozen.<\/p>\n<p>Op 13.11.1983 wordt &#8211; na het overlijden van J. Plancquaert J. Symens verkozen tot voorzitter en R. Vervisch tot algemeen secretaris.<\/p>\n<p>Op 18.10.1986 volgt dr. Jacques Stibbe Joz. Symens op als voorzitter<\/p>\n<p>In 1991 publiceert de Academie t.g.v. haar 25ste verjaardag een \u2018Jaarboek 1966-1991\u2019 met de C. V.&#8217;s van al haar leden onder de redactie van Cl. Delbeke.<\/p>\n<p>Op de nationale tentoonstelling van Antwerpen 1993 is er een eresalon van onze Academie. Op initiatief van J. Stibbe wordt een verbroederingsbanket in het Rubens Hotel gehouden met de Franse Academie onder leiding van haar voorzitter J.P. Schroeder en ere-voorzitter M. Lipschutz.<\/p>\n<p>Op 17.6.1995 neemt J. Stibbe ontslag als voorzitter omwille van zijn leeftijd (75). Het erevoorzitterschap wordt hem toegekend. Ondervoorzitter A. St\u00e9venot wordt tijdelijk waarnemend voorzitter en C. Delbeke wordt bij geheime stemming op de A.V. van 4.11.1995 verkozen tot nieuwe voorzitter. Dr. J. Boulet wordt secretaris-generaal.<\/p>\n<p>Op 7 december 1996 viert de Academie haar dertigste verjaardag tijdens een plechtige acade-mische zitting met lezingen van buitenlandse corresponderende leden C. Muys en R. Francon en met een afsluitend banket in het Astoria Hotel. Er verschijnt een nieuw Jaarboek van de Academie.<\/p>\n<p>In 1997 worden &#8211; na meer dan twee jaar voorbereiding &#8211; nieuwe statuten voor de Academie goedgekeurd. Vooral de kiesprocedure, in het bijzonder wat betreft voorzitter, wordt aangepast.<\/p>\n<p>Op 10.5.1999 overlijdt erevoorzitter Dr. J. Stibbe. De post zal hem in 2004 eren met een postzegel.<\/p>\n<p>In 2001 publiceert de Academie een nieuw jaarboek ter gelegenheid van haar 35ste verjaardag onder de redactie van Cl. Delbeke.<\/p>\n<p>Ter gelegenheid van Belgica 2001 (FIP-tentoonstelling) wordt een belangrijke verbroederingsceremonie met de A.E.P. (Europese Academie) ingericht met diverse lezingen. &#8217;s Avonds wordt een banket gehouden in het Radisson SAS Hotel waaraan ook talrijke buitenlandse corresponderende leden van de Academie deelnamen. Op de 80 aanwezigen telt men 55 buitenlanders.<\/p>\n<p>In 2002 viert de AEP (Europese Academie) haar 25ste verjaardag en geeft bij die gele- genheid \u2018OPUS 2&#8242; uit, dat grotendeels gewijd is aan de Belgische Filatelie en aan onze Academie. Alle leden ontvangen een exemplaar. De verbroedering tussen beide Academies wordt opnieuw in de verf gezet tijdens een avondetentje op Fila-Kortrijk.<\/p>\n<p>In 2006 viert de Koninklijke Academie voor Filatelie haar 40ste verjaardag. De aanvraag van de Academie om voor deze gelegenheid een postzegel uit te geven, wordt door de filatelistische commissie ingewilligd. De zegel \u2013 die op 23 oktober 2006 verschijnt \u2013 toont het logo van de Academie (ontworpen door Jean Libert). Het motief wordt door De Post aan onze Academie geschonken. We vinden het terug op het nieuwe briefpapier, op de badge van de leden (pin) en op de intro van de Website. Frank Dani\u00ebls , directeur van De Post en voorzitter van Propost, wordt tot erelid verkozen.<\/p>\n<p>In 2007 overlijdt Dr Jacques Boulet en wordt opgevolgd als secretaris-generaal door Roger Verpoort.. A. Decr\u00e9 wordt Ere-schatbewaarder en wordt opgevolgd door P. Maselis.<\/p>\n<p>In 2008 werd de Academie uitgenodigd door de Franse Academie voor een gezamenlijke zitting en nam de Academie deel aan het eresalon van Wipa.<\/p>\n<p>In 2009 wordt P. Maselis \u2013 reeds Voorzitter van de Club de Monte-Carlo &#8211; Voorzitter van de Academie en wordt als Schatbewaarder opgevolgd door C. Bruart . In 2010 wordt Cl. Delbeke Ere-voorzitter van de Academie. De Academie neemt deel aan het eresalon van MonacoPhil.<\/p>\n<p>In 2010 neemt de Academie actief deel aan Antverpia 2010. Vele leden namen deel aan het eresalon, er werd een Academische zitting georganiseerd in samenwerking met de Acad\u00e9mie Europ\u00e9enne de Philatelie. Alan Huggins gaf hier een lezing over \u00abThe introduction and usage of the world\u2019s first embossed postal stationary\u00bb . De leden en hun partners ontmoeten mekaar op een vriendschapsdiner in het restaurant van het Zuiderterras.<\/p>\n<p>Tenslotte werden er ook ter gelegenheid van Antverpia 2010 twee boeken uitgegeven door de Academie:<\/p>\n<ul>\n<li>Emile J. Van den Panhuyzen : De Post te Brussel \/ Sinds het ontstaan tot 1850<\/li>\n<li>Hubert Caprasse : Rolzegels met beeltenis van Koning Boudewijn 1 \u2013 type Marchand.<\/li>\n<\/ul>\n<h4><span style=\"color: #0000ff;\">2011 was het jaar waarin de ABA haar 45\u00b0 verjaardag vierde. De feestelijkheden gingen door in Roeselare met een tentoonstelling, 2 voordrachten (door Michel Letaillieur en Gavin Fryer) en een feestelijk banket. Ook ter gelegenheid van de 45\u00b0 verjaardag werd een jaarboek uitgegeven met de CV\u2019s van iedereen die lid is (of het ooit was) van de ABA.<\/span><\/h4>\n<p>In 2011 deed de ABA haar intrede op het internet. Onze website\u00a0<a href=\"https:\/\/www.academiebelgium.be\/www.academiebelgium.be\">www.academiebelgium.be\u00a0<\/a>\u00a0ging van start.<\/p>\n<p>In datzelfde jaar werd ook de prijs \u2018Jacques Boulet\u2019 gecre\u00eberd die vierjaarlijks door de Academie wordt toegekend. Tenslotte werd de ABA op het einde van datzelfde jaar vereerd met het bezoek van FEPA-voorzitter Joergen Joergensen, die de FEPA prijs voor literatuur kwam uitreiken aan zeven van onze leden die meewerkten aan de catalogus voor MonacoPhil 2009. In 2012 was het belangrijkste feit de deelname van onze academie aan Temsifil en het druk bijgewoonde banket. De belangrijkste activiteit in 2013 was het bezoek aan het Postsorteercentrum GENT X.<\/p>\n<p>2014 was een bijzonder druk jaar. De ABA nam deel aan twee tentoonstellingen: de RDP-tentoonstelling in Ieper, gewijd aan WO I en het nationaal kampioenschap Brabantphil in Aarschot. Verder werd het boek van Jacques Pirotte over \u201cLes Autos-Canons\u201d mede gefinancierd door de ABA. Dat boek behaalde de nationale Grote Prijs in Aarschot. Tenslotte bracht de Academie een bezoek aan het Red Star Line Museum, waarvan Andr\u00e9 Bollen \u00e9\u00e9n van de bezielers is.<\/p>\n<p>In 2015 was de ABA mede-organisator van de tentoonstelling over \u2018Napoleon en zijn tijd\u2019 die doorging in Braine-L\u2019Alleud. Tevens werd een banket georgainseerd en konden de ABA-leden zich inschrijven voor een re-enactment van de Slag van Waterloo.<\/p>\n<p>Op 3 oktober 2015 gaf Patrick Maselis het voorzitterschap door aan Henk Slabbinck.<\/p>\n<p>2016 was weerom een erg druk jaar. De ABA vierde haar 50\u00b0 verjaardag met een banket in Brussel en nam deel aan het erehof van het Nationaal Kampioenschap Westfila in Roeselare. Ook ter gelegenheid van haar 50-jarig bestaan verkreeg de ABA de eretitel van \u2018Koninklijke Vereniging\u2019. Tenslotte werd ook in 2016 een belangrijke bijdrage geleverd aan de filatelistische literatuur door enerzijds het boek van Vincent Schouberechts \u2018500 jaar Post\u2019 te steunen, en anderzijds, door Le Philat\u00e9liste Belge (LPB) te \u2018adopteren\u2019 als tijdschrift van de Academie.\u00a0 Ook verscheen een nieuw jubileumboek met CV&#8217;s van iedereen die lid is (of ooit was) van ABA.<\/p>\n<h4><span style=\"color: #0000ff;\"><strong>Waren voorzitter<\/strong><\/span><\/h4>\n<table style=\"height: 209px;\" border=\"0\" width=\"562\" cellspacing=\"0\" cellpadding=\"0\">\n<tbody>\n<tr>\n<td>Dupont Jean<\/td>\n<td>25.03.1966<\/td>\n<td>29.11.1969<\/td>\n<\/tr>\n<tr>\n<td>Herlant Lucien<\/td>\n<td>29.11.1969<\/td>\n<td>22.11.1975<\/td>\n<\/tr>\n<tr>\n<td>Plancquaert Jules<\/td>\n<td>22.11.1975<\/td>\n<td>16.04.1983<\/td>\n<\/tr>\n<tr>\n<td>Symens Jozef<\/td>\n<td>13.11.1983<\/td>\n<td>30.12.1985<\/td>\n<\/tr>\n<tr>\n<td>Stibbe Jacques<\/td>\n<td>18.10.1986<\/td>\n<td>17.06.1995<\/td>\n<\/tr>\n<tr>\n<td>Delbeke Claude<\/td>\n<td>04.11.1995<\/td>\n<td>23.10.2009<\/td>\n<\/tr>\n<tr>\n<td>Maselis Patrick<\/td>\n<td>24.10.2009<\/td>\n<td>03.10.2015<\/td>\n<\/tr>\n<tr>\n<td>Henk Slabbinck<\/td>\n<td>03.10.2015<\/td>\n<td>02.05.2026<\/td>\n<\/tr>\n<tr>\n<td>Lars J\u00f8rgensen<\/td>\n<td>02.05.2026<\/td>\n<td>&#8211;<\/td>\n<\/tr>\n<\/tbody>\n<\/table>\n<h2><\/h2>\n","protected":false},"excerpt":{"rendered":"<p>Een beetje geschiedenis \u2026 Zo begon het \u2026 De Koninklijke Academie is na de Franse ( gesticht in 1928 ) de tweede oudste nationale Academie. Op 25 maart 1966 vergaderden enkele vooraanstaande filatelisten op initiatief van Raoul Hubinont te Brussel om de oprichting van de Academie vaste vorm te geven. De 22 stichters die in [&hellip;]<\/p>\n","protected":false},"author":1,"featured_media":87,"parent":0,"menu_order":0,"comment_status":"closed","ping_status":"closed","template":"template-innerpage.php","meta":{"_acf_changed":false,"_exactmetrics_skip_tracking":false,"_exactmetrics_sitenote_active":false,"_exactmetrics_sitenote_note":"","_exactmetrics_sitenote_category":0,"footnotes":""},"class_list":["post-350","page","type-page","status-publish","has-post-thumbnail","hentry"],"acf":[],"yoast_head":"<!-- This site is optimized with the Yoast SEO plugin v27.0 - https:\/\/yoast.com\/product\/yoast-seo-wordpress\/ -->\n<title>Historiek - Academy Belgium<\/title>\n<meta name=\"description\" content=\"Vind alles over de geschiedenis van Academy Belgium\" \/>\n<meta name=\"robots\" content=\"index, follow, max-snippet:-1, max-image-preview:large, max-video-preview:-1\" \/>\n<link rel=\"canonical\" href=\"https:\/\/www.academiebelgium.be\/nl\/historiek\/\" \/>\n<meta property=\"og:locale\" content=\"nl_BE\" \/>\n<meta property=\"og:type\" content=\"article\" \/>\n<meta property=\"og:title\" content=\"Historiek - Academy Belgium\" \/>\n<meta property=\"og:description\" content=\"Vind alles over de geschiedenis van Academy Belgium\" \/>\n<meta property=\"og:url\" content=\"https:\/\/www.academiebelgium.be\/nl\/historiek\/\" \/>\n<meta property=\"og:site_name\" content=\"Academy Belgium\" \/>\n<meta property=\"article:modified_time\" content=\"2026-05-07T10:14:33+00:00\" \/>\n<meta property=\"og:image\" content=\"https:\/\/www.academiebelgium.be\/wp-content\/uploads\/2018\/10\/banner-e1545408789698.jpg\" \/>\n\t<meta property=\"og:image:width\" content=\"1257\" \/>\n\t<meta property=\"og:image:height\" content=\"400\" \/>\n\t<meta property=\"og:image:type\" content=\"image\/jpeg\" \/>\n<meta name=\"twitter:card\" content=\"summary_large_image\" \/>\n<meta name=\"twitter:label1\" content=\"Geschatte leestijd\" \/>\n\t<meta name=\"twitter:data1\" content=\"8 minuten\" \/>\n<script type=\"application\/ld+json\" class=\"yoast-schema-graph\">{\"@context\":\"https:\/\/schema.org\",\"@graph\":[{\"@type\":\"WebPage\",\"@id\":\"https:\/\/www.academiebelgium.be\/nl\/historiek\/\",\"url\":\"https:\/\/www.academiebelgium.be\/nl\/historiek\/\",\"name\":\"Historiek - Academy Belgium\",\"isPartOf\":{\"@id\":\"https:\/\/www.academiebelgium.be\/nl\/#website\"},\"primaryImageOfPage\":{\"@id\":\"https:\/\/www.academiebelgium.be\/nl\/historiek\/#primaryimage\"},\"image\":{\"@id\":\"https:\/\/www.academiebelgium.be\/nl\/historiek\/#primaryimage\"},\"thumbnailUrl\":\"https:\/\/www.academiebelgium.be\/wp-content\/uploads\/2018\/10\/banner-e1545408789698.jpg\",\"datePublished\":\"2018-11-02T15:13:14+00:00\",\"dateModified\":\"2026-05-07T10:14:33+00:00\",\"description\":\"Vind alles over de geschiedenis van Academy Belgium\",\"breadcrumb\":{\"@id\":\"https:\/\/www.academiebelgium.be\/nl\/historiek\/#breadcrumb\"},\"inLanguage\":\"nl-BE\",\"potentialAction\":[{\"@type\":\"ReadAction\",\"target\":[\"https:\/\/www.academiebelgium.be\/nl\/historiek\/\"]}]},{\"@type\":\"ImageObject\",\"inLanguage\":\"nl-BE\",\"@id\":\"https:\/\/www.academiebelgium.be\/nl\/historiek\/#primaryimage\",\"url\":\"https:\/\/www.academiebelgium.be\/wp-content\/uploads\/2018\/10\/banner-e1545408789698.jpg\",\"contentUrl\":\"https:\/\/www.academiebelgium.be\/wp-content\/uploads\/2018\/10\/banner-e1545408789698.jpg\",\"width\":1257,\"height\":400},{\"@type\":\"BreadcrumbList\",\"@id\":\"https:\/\/www.academiebelgium.be\/nl\/historiek\/#breadcrumb\",\"itemListElement\":[{\"@type\":\"ListItem\",\"position\":1,\"name\":\"Home\",\"item\":\"https:\/\/www.academiebelgium.be\/nl\/\"},{\"@type\":\"ListItem\",\"position\":2,\"name\":\"Historiek\"}]},{\"@type\":\"WebSite\",\"@id\":\"https:\/\/www.academiebelgium.be\/nl\/#website\",\"url\":\"https:\/\/www.academiebelgium.be\/nl\/\",\"name\":\"Academy Belgium\",\"description\":\"Just another WordPress site\",\"publisher\":{\"@id\":\"https:\/\/www.academiebelgium.be\/nl\/#organization\"},\"potentialAction\":[{\"@type\":\"SearchAction\",\"target\":{\"@type\":\"EntryPoint\",\"urlTemplate\":\"https:\/\/www.academiebelgium.be\/nl\/?s={search_term_string}\"},\"query-input\":{\"@type\":\"PropertyValueSpecification\",\"valueRequired\":true,\"valueName\":\"search_term_string\"}}],\"inLanguage\":\"nl-BE\"},{\"@type\":\"Organization\",\"@id\":\"https:\/\/www.academiebelgium.be\/nl\/#organization\",\"name\":\"Academy Belgium\",\"url\":\"https:\/\/www.academiebelgium.be\/nl\/\",\"logo\":{\"@type\":\"ImageObject\",\"inLanguage\":\"nl-BE\",\"@id\":\"https:\/\/www.academiebelgium.be\/nl\/#\/schema\/logo\/image\/\",\"url\":\"https:\/\/www.academiebelgium.be\/wp-content\/uploads\/2018\/10\/logo.png\",\"contentUrl\":\"https:\/\/www.academiebelgium.be\/wp-content\/uploads\/2018\/10\/logo.png\",\"width\":125,\"height\":125,\"caption\":\"Academy Belgium\"},\"image\":{\"@id\":\"https:\/\/www.academiebelgium.be\/nl\/#\/schema\/logo\/image\/\"}}]}<\/script>\n<!-- \/ Yoast SEO plugin. -->","yoast_head_json":{"title":"Historiek - Academy Belgium","description":"Vind alles over de geschiedenis van Academy Belgium","robots":{"index":"index","follow":"follow","max-snippet":"max-snippet:-1","max-image-preview":"max-image-preview:large","max-video-preview":"max-video-preview:-1"},"canonical":"https:\/\/www.academiebelgium.be\/nl\/historiek\/","og_locale":"nl_BE","og_type":"article","og_title":"Historiek - Academy Belgium","og_description":"Vind alles over de geschiedenis van Academy Belgium","og_url":"https:\/\/www.academiebelgium.be\/nl\/historiek\/","og_site_name":"Academy Belgium","article_modified_time":"2026-05-07T10:14:33+00:00","og_image":[{"width":1257,"height":400,"url":"https:\/\/www.academiebelgium.be\/wp-content\/uploads\/2018\/10\/banner-e1545408789698.jpg","type":"image\/jpeg"}],"twitter_card":"summary_large_image","twitter_misc":{"Geschatte leestijd":"8 minuten"},"schema":{"@context":"https:\/\/schema.org","@graph":[{"@type":"WebPage","@id":"https:\/\/www.academiebelgium.be\/nl\/historiek\/","url":"https:\/\/www.academiebelgium.be\/nl\/historiek\/","name":"Historiek - Academy Belgium","isPartOf":{"@id":"https:\/\/www.academiebelgium.be\/nl\/#website"},"primaryImageOfPage":{"@id":"https:\/\/www.academiebelgium.be\/nl\/historiek\/#primaryimage"},"image":{"@id":"https:\/\/www.academiebelgium.be\/nl\/historiek\/#primaryimage"},"thumbnailUrl":"https:\/\/www.academiebelgium.be\/wp-content\/uploads\/2018\/10\/banner-e1545408789698.jpg","datePublished":"2018-11-02T15:13:14+00:00","dateModified":"2026-05-07T10:14:33+00:00","description":"Vind alles over de geschiedenis van Academy Belgium","breadcrumb":{"@id":"https:\/\/www.academiebelgium.be\/nl\/historiek\/#breadcrumb"},"inLanguage":"nl-BE","potentialAction":[{"@type":"ReadAction","target":["https:\/\/www.academiebelgium.be\/nl\/historiek\/"]}]},{"@type":"ImageObject","inLanguage":"nl-BE","@id":"https:\/\/www.academiebelgium.be\/nl\/historiek\/#primaryimage","url":"https:\/\/www.academiebelgium.be\/wp-content\/uploads\/2018\/10\/banner-e1545408789698.jpg","contentUrl":"https:\/\/www.academiebelgium.be\/wp-content\/uploads\/2018\/10\/banner-e1545408789698.jpg","width":1257,"height":400},{"@type":"BreadcrumbList","@id":"https:\/\/www.academiebelgium.be\/nl\/historiek\/#breadcrumb","itemListElement":[{"@type":"ListItem","position":1,"name":"Home","item":"https:\/\/www.academiebelgium.be\/nl\/"},{"@type":"ListItem","position":2,"name":"Historiek"}]},{"@type":"WebSite","@id":"https:\/\/www.academiebelgium.be\/nl\/#website","url":"https:\/\/www.academiebelgium.be\/nl\/","name":"Academy Belgium","description":"Just another WordPress site","publisher":{"@id":"https:\/\/www.academiebelgium.be\/nl\/#organization"},"potentialAction":[{"@type":"SearchAction","target":{"@type":"EntryPoint","urlTemplate":"https:\/\/www.academiebelgium.be\/nl\/?s={search_term_string}"},"query-input":{"@type":"PropertyValueSpecification","valueRequired":true,"valueName":"search_term_string"}}],"inLanguage":"nl-BE"},{"@type":"Organization","@id":"https:\/\/www.academiebelgium.be\/nl\/#organization","name":"Academy Belgium","url":"https:\/\/www.academiebelgium.be\/nl\/","logo":{"@type":"ImageObject","inLanguage":"nl-BE","@id":"https:\/\/www.academiebelgium.be\/nl\/#\/schema\/logo\/image\/","url":"https:\/\/www.academiebelgium.be\/wp-content\/uploads\/2018\/10\/logo.png","contentUrl":"https:\/\/www.academiebelgium.be\/wp-content\/uploads\/2018\/10\/logo.png","width":125,"height":125,"caption":"Academy Belgium"},"image":{"@id":"https:\/\/www.academiebelgium.be\/nl\/#\/schema\/logo\/image\/"}}]}},"_links":{"self":[{"href":"https:\/\/www.academiebelgium.be\/nl\/wp-json\/wp\/v2\/pages\/350","targetHints":{"allow":["GET"]}}],"collection":[{"href":"https:\/\/www.academiebelgium.be\/nl\/wp-json\/wp\/v2\/pages"}],"about":[{"href":"https:\/\/www.academiebelgium.be\/nl\/wp-json\/wp\/v2\/types\/page"}],"author":[{"embeddable":true,"href":"https:\/\/www.academiebelgium.be\/nl\/wp-json\/wp\/v2\/users\/1"}],"replies":[{"embeddable":true,"href":"https:\/\/www.academiebelgium.be\/nl\/wp-json\/wp\/v2\/comments?post=350"}],"version-history":[{"count":2,"href":"https:\/\/www.academiebelgium.be\/nl\/wp-json\/wp\/v2\/pages\/350\/revisions"}],"predecessor-version":[{"id":6149,"href":"https:\/\/www.academiebelgium.be\/nl\/wp-json\/wp\/v2\/pages\/350\/revisions\/6149"}],"wp:featuredmedia":[{"embeddable":true,"href":"https:\/\/www.academiebelgium.be\/nl\/wp-json\/wp\/v2\/media\/87"}],"wp:attachment":[{"href":"https:\/\/www.academiebelgium.be\/nl\/wp-json\/wp\/v2\/media?parent=350"}],"curies":[{"name":"wp","href":"https:\/\/api.w.org\/{rel}","templated":true}]}}