{"id":359,"date":"2018-11-02T15:14:48","date_gmt":"2018-11-02T15:14:48","guid":{"rendered":"https:\/\/www.academiebelgium.be\/?page_id=359"},"modified":"2023-03-03T17:00:15","modified_gmt":"2023-03-03T17:00:15","slug":"links","status":"publish","type":"page","link":"https:\/\/www.academiebelgium.be\/nl\/links\/","title":{"rendered":"Links"},"content":{"rendered":"<p>The following message is from Marc Molitor &#8211; Philippe Molitor<\/p>\n<p><a href=\"https:\/\/eur03.safelinks.protection.outlook.com\/?url=http%3A%2F%2Fbelgesenperse.be%2F&amp;data=04%7C01%7Cpatrick%40maselis.be%7C5b600362938e47f96c3b08d8ceca6231%7Cd5d695f96ebc4be897a199edbc78a9e3%7C0%7C0%7C637486715908981641%7CUnknown%7CTWFpbGZsb3d8eyJWIjoiMC4wLjAwMDAiLCJQIjoiV2luMzIiLCJBTiI6Ik1haWwiLCJXVCI6Mn0%3D%7C1000&amp;sdata=LhfH5K%2FxhOzXuH76IJyzMqTHYAJr%2BElZ9oe5J5Me12E%3D&amp;reserved=0\">http:\/\/belgesenperse.be\/<\/a><\/p>\n<p>We are pleased to announce the present launching of a unique website dedicated to the history of the 150 or so Belgian civil servants who, sometimes accompanied by their families, were recruited at the beginning of the 20th century by Persia, the Iran of today, to reform its customs, postal and tax administrations as well as to serve in various other missions in the service of the successive Persian governments at the time.<\/p>\n<p><strong><span style=\"color: #0000ff;\">Tentoonstellingen &#8211; Expositions<\/span><\/strong><\/p>\n<p>&nbsp;<\/p>\n<p>Inschrijvingsformulier :<\/p>\n<p>&nbsp;<\/p>\n<p><strong><span style=\"color: #0000ff;\">Archieven &#8211; Archives<\/span><\/strong><\/p>\n<ul>\n<li>British Postal Archives\u00a0<span style=\"color: #0000ff;\"><strong><a style=\"color: #0000ff;\" href=\"https:\/\/www.postalmuseum.org\/wp-content\/uploads\/2016\/10\/Search-Room-Guide.pdf\">BPA<\/a><\/strong><\/span><\/li>\n<li>Archief Frankeermachines Belgi\u00eb\u00a0 <strong><span style=\"color: #000080;\"><a style=\"color: #000080;\" href=\"http:\/\/www.frankeermachinearchief.be\/\"><span style=\"color: #0000ff;\">FM<\/span> \u00a0\u00a0\u00a0<\/a><\/span><\/strong><\/li>\n<\/ul>\n<p><strong><span style=\"color: #0000ff;\">Bibliotheken &#8211; Biblioth\u00e8ques<\/span><\/strong><\/p>\n<ul>\n<li>American Philatelic Research Library\u00a0<span style=\"color: #0000ff;\"><strong><a style=\"color: #0000ff;\" href=\"https:\/\/classic.stamps.org\/about-the-library\">APRL<\/a><\/strong><\/span><\/li>\n<\/ul>\n<p><strong><span style=\"color: #0000ff;\">Websites<\/span><\/strong><\/p>\n<ul>\n<li>Gekaapte brieven\u00a0<span style=\"color: #0000ff;\"><a style=\"color: #0000ff;\" href=\"http:\/\/www.gekaaptebrieven.nl\"><strong>http:\/\/www.gekaaptebrieven.nl\u00a0 \u00a0<\/strong><\/a><\/span><\/li>\n<\/ul>\n<p><strong><span style=\"color: #0000ff;\">Tijdschriften &#8211; Magazines<\/span><\/strong><\/p>\n<ul>\n<li>Belgaphil <strong><span style=\"color: #0000ff;\"><a style=\"color: #0000ff;\" href=\"http:\/\/klbp.be\/magazine.php\">KLBP Belgaphil<\/a><\/span><\/strong><\/li>\n<li>Les Congol\u00e2tres\u00a0<strong><span style=\"color: #0000ff;\"><a style=\"color: #0000ff;\" href=\"http:\/\/www.philafrica.be\/CONGOLATRES\/bulletins.htm\">CONGOLATRES<\/a><\/span><\/strong><\/li>\n<li>Le Maghrebophila\u00a0 <strong><span style=\"color: #0000ff;\"><a style=\"color: #0000ff;\" href=\"http:\/\/www.philafrica.be\/MAGHREBOPHILA\/bulletins.htm\">MAGHREBOPHILA<\/a><\/span><\/strong><\/li>\n<li>Les Belgol\u00e2tres <a href=\"http:\/\/www.philafrica.be\/BELGOLATRES\/bulletins.htm\" target=\"_blank\" rel=\"noopener\"><span style=\"color: #0000ff;\"><strong>BELGOLATRES<\/strong><\/span><\/a><\/li>\n<\/ul>\n<p><strong><span style=\"color: #0000ff;\">Verenigingen &#8211; Soci\u00e9t\u00e9s<\/span><\/strong><\/p>\n<ul>\n<li>American Philatelic Society\u00a0<strong><span style=\"color: #0000ff;\"><a style=\"color: #0000ff;\" href=\"https:\/\/stamps.org\/\">APS<\/a><\/span><\/strong><\/li>\n<li>Acad\u00e9mie de France\u00a0<a href=\"https:\/\/www.academiedephilatelie.fr\/\" target=\"_blank\" rel=\"noopener\"><span style=\"color: #0000ff;\"><strong>AdF<\/strong><\/span><\/a><\/li>\n<li>Acad\u00e9mie Europ\u00e9enne de Filat\u00e9lie <span style=\"color: #0000ff;\"><strong><a style=\"color: #0000ff;\" href=\"http:\/\/www.aephil.com\">AEP<\/a><\/strong><\/span><\/li>\n<li>Belgian Philatelic Study Circle GB\u00a0<strong><span style=\"color: #0000ff;\"><a href=\"https:\/\/www.belgianphilatelicstudycircle.org.uk\/\"><span style=\"color: #0000ff;\">BSC<\/span><\/a><\/span><\/strong><\/li>\n<li>Federation of European Philatelic Associations\u00a0<a href=\"https:\/\/fepanews.com\/\"><span style=\"color: #0000ff;\"><strong>FEPA<\/strong><\/span><\/a><\/li>\n<li>F\u00e9d\u00e9ration Internationale de Filat\u00e9lie\u00a0<span style=\"color: #0000ff;\"><strong><a style=\"color: #0000ff;\" href=\"https:\/\/www.f-i-p.ch\/\">FIP<\/a><\/strong><\/span><\/li>\n<li>Royal Philatelic Society London\u00a0<span style=\"color: #0000ff;\"><strong><a style=\"color: #0000ff;\" href=\"http:\/\/www.rpsl.org.uk\/home.asp\">RPSL<\/a><\/strong><\/span><\/li>\n<li><span style=\"color: #000000;\">US Classic Society\u00a0<\/span><strong><span style=\"color: #0000ff;\"><a style=\"color: #0000ff;\" href=\"https:\/\/www.uspcs.org\/\">USPCS<\/a><\/span><\/strong><\/li>\n<\/ul>\n<p>&nbsp;<\/p>\n","protected":false},"excerpt":{"rendered":"<p>The following message is from Marc Molitor &#8211; Philippe Molitor http:\/\/belgesenperse.be\/ We are pleased to announce the present launching of a unique website dedicated to the history of the 150 or so Belgian civil servants who, sometimes accompanied by their families, were recruited at the beginning of the 20th century by Persia, the Iran of [&hellip;]<\/p>\n","protected":false},"author":1,"featured_media":87,"parent":0,"menu_order":0,"comment_status":"closed","ping_status":"closed","template":"template-innerpage.php","meta":{"_acf_changed":false,"_exactmetrics_skip_tracking":false,"_exactmetrics_sitenote_active":false,"_exactmetrics_sitenote_note":"","_exactmetrics_sitenote_category":0,"footnotes":""},"class_list":["post-359","page","type-page","status-publish","has-post-thumbnail","hentry"],"acf":[],"yoast_head":"<!-- This site is optimized with the Yoast SEO plugin v27.0 - https:\/\/yoast.com\/product\/yoast-seo-wordpress\/ -->\n<title>Links - Academy Belgium<\/title>\n<meta name=\"description\" content=\"Vind hier een overzicht van handige links.\" \/>\n<meta name=\"robots\" content=\"index, follow, max-snippet:-1, max-image-preview:large, max-video-preview:-1\" \/>\n<link rel=\"canonical\" href=\"https:\/\/www.academiebelgium.be\/nl\/links\/\" \/>\n<meta property=\"og:locale\" content=\"nl_BE\" \/>\n<meta property=\"og:type\" content=\"article\" \/>\n<meta property=\"og:title\" content=\"Links - Academy Belgium\" \/>\n<meta property=\"og:description\" content=\"Vind hier een overzicht van handige links.\" \/>\n<meta property=\"og:url\" content=\"https:\/\/www.academiebelgium.be\/nl\/links\/\" \/>\n<meta property=\"og:site_name\" content=\"Academy Belgium\" \/>\n<meta property=\"article:modified_time\" content=\"2023-03-03T17:00:15+00:00\" \/>\n<meta property=\"og:image\" content=\"https:\/\/www.academiebelgium.be\/wp-content\/uploads\/2018\/10\/banner-e1545408789698.jpg\" \/>\n\t<meta property=\"og:image:width\" content=\"1257\" \/>\n\t<meta property=\"og:image:height\" content=\"400\" \/>\n\t<meta property=\"og:image:type\" content=\"image\/jpeg\" \/>\n<meta name=\"twitter:card\" content=\"summary_large_image\" \/>\n<meta name=\"twitter:label1\" content=\"Geschatte leestijd\" \/>\n\t<meta name=\"twitter:data1\" content=\"1 minuut\" \/>\n<script type=\"application\/ld+json\" class=\"yoast-schema-graph\">{\"@context\":\"https:\/\/schema.org\",\"@graph\":[{\"@type\":\"WebPage\",\"@id\":\"https:\/\/www.academiebelgium.be\/nl\/links\/\",\"url\":\"https:\/\/www.academiebelgium.be\/nl\/links\/\",\"name\":\"Links - Academy Belgium\",\"isPartOf\":{\"@id\":\"https:\/\/www.academiebelgium.be\/nl\/#website\"},\"primaryImageOfPage\":{\"@id\":\"https:\/\/www.academiebelgium.be\/nl\/links\/#primaryimage\"},\"image\":{\"@id\":\"https:\/\/www.academiebelgium.be\/nl\/links\/#primaryimage\"},\"thumbnailUrl\":\"https:\/\/www.academiebelgium.be\/wp-content\/uploads\/2018\/10\/banner-e1545408789698.jpg\",\"datePublished\":\"2018-11-02T15:14:48+00:00\",\"dateModified\":\"2023-03-03T17:00:15+00:00\",\"description\":\"Vind hier een overzicht van handige links.\",\"breadcrumb\":{\"@id\":\"https:\/\/www.academiebelgium.be\/nl\/links\/#breadcrumb\"},\"inLanguage\":\"nl-BE\",\"potentialAction\":[{\"@type\":\"ReadAction\",\"target\":[\"https:\/\/www.academiebelgium.be\/nl\/links\/\"]}]},{\"@type\":\"ImageObject\",\"inLanguage\":\"nl-BE\",\"@id\":\"https:\/\/www.academiebelgium.be\/nl\/links\/#primaryimage\",\"url\":\"https:\/\/www.academiebelgium.be\/wp-content\/uploads\/2018\/10\/banner-e1545408789698.jpg\",\"contentUrl\":\"https:\/\/www.academiebelgium.be\/wp-content\/uploads\/2018\/10\/banner-e1545408789698.jpg\",\"width\":1257,\"height\":400},{\"@type\":\"BreadcrumbList\",\"@id\":\"https:\/\/www.academiebelgium.be\/nl\/links\/#breadcrumb\",\"itemListElement\":[{\"@type\":\"ListItem\",\"position\":1,\"name\":\"Home\",\"item\":\"https:\/\/www.academiebelgium.be\/nl\/\"},{\"@type\":\"ListItem\",\"position\":2,\"name\":\"Links\"}]},{\"@type\":\"WebSite\",\"@id\":\"https:\/\/www.academiebelgium.be\/nl\/#website\",\"url\":\"https:\/\/www.academiebelgium.be\/nl\/\",\"name\":\"Academy Belgium\",\"description\":\"Just another WordPress site\",\"publisher\":{\"@id\":\"https:\/\/www.academiebelgium.be\/nl\/#organization\"},\"potentialAction\":[{\"@type\":\"SearchAction\",\"target\":{\"@type\":\"EntryPoint\",\"urlTemplate\":\"https:\/\/www.academiebelgium.be\/nl\/?s={search_term_string}\"},\"query-input\":{\"@type\":\"PropertyValueSpecification\",\"valueRequired\":true,\"valueName\":\"search_term_string\"}}],\"inLanguage\":\"nl-BE\"},{\"@type\":\"Organization\",\"@id\":\"https:\/\/www.academiebelgium.be\/nl\/#organization\",\"name\":\"Academy Belgium\",\"url\":\"https:\/\/www.academiebelgium.be\/nl\/\",\"logo\":{\"@type\":\"ImageObject\",\"inLanguage\":\"nl-BE\",\"@id\":\"https:\/\/www.academiebelgium.be\/nl\/#\/schema\/logo\/image\/\",\"url\":\"https:\/\/www.academiebelgium.be\/wp-content\/uploads\/2018\/10\/logo.png\",\"contentUrl\":\"https:\/\/www.academiebelgium.be\/wp-content\/uploads\/2018\/10\/logo.png\",\"width\":125,\"height\":125,\"caption\":\"Academy Belgium\"},\"image\":{\"@id\":\"https:\/\/www.academiebelgium.be\/nl\/#\/schema\/logo\/image\/\"}}]}<\/script>\n<!-- \/ Yoast SEO plugin. -->","yoast_head_json":{"title":"Links - Academy Belgium","description":"Vind hier een overzicht van handige links.","robots":{"index":"index","follow":"follow","max-snippet":"max-snippet:-1","max-image-preview":"max-image-preview:large","max-video-preview":"max-video-preview:-1"},"canonical":"https:\/\/www.academiebelgium.be\/nl\/links\/","og_locale":"nl_BE","og_type":"article","og_title":"Links - Academy Belgium","og_description":"Vind hier een overzicht van handige links.","og_url":"https:\/\/www.academiebelgium.be\/nl\/links\/","og_site_name":"Academy Belgium","article_modified_time":"2023-03-03T17:00:15+00:00","og_image":[{"width":1257,"height":400,"url":"https:\/\/www.academiebelgium.be\/wp-content\/uploads\/2018\/10\/banner-e1545408789698.jpg","type":"image\/jpeg"}],"twitter_card":"summary_large_image","twitter_misc":{"Geschatte leestijd":"1 minuut"},"schema":{"@context":"https:\/\/schema.org","@graph":[{"@type":"WebPage","@id":"https:\/\/www.academiebelgium.be\/nl\/links\/","url":"https:\/\/www.academiebelgium.be\/nl\/links\/","name":"Links - Academy Belgium","isPartOf":{"@id":"https:\/\/www.academiebelgium.be\/nl\/#website"},"primaryImageOfPage":{"@id":"https:\/\/www.academiebelgium.be\/nl\/links\/#primaryimage"},"image":{"@id":"https:\/\/www.academiebelgium.be\/nl\/links\/#primaryimage"},"thumbnailUrl":"https:\/\/www.academiebelgium.be\/wp-content\/uploads\/2018\/10\/banner-e1545408789698.jpg","datePublished":"2018-11-02T15:14:48+00:00","dateModified":"2023-03-03T17:00:15+00:00","description":"Vind hier een overzicht van handige links.","breadcrumb":{"@id":"https:\/\/www.academiebelgium.be\/nl\/links\/#breadcrumb"},"inLanguage":"nl-BE","potentialAction":[{"@type":"ReadAction","target":["https:\/\/www.academiebelgium.be\/nl\/links\/"]}]},{"@type":"ImageObject","inLanguage":"nl-BE","@id":"https:\/\/www.academiebelgium.be\/nl\/links\/#primaryimage","url":"https:\/\/www.academiebelgium.be\/wp-content\/uploads\/2018\/10\/banner-e1545408789698.jpg","contentUrl":"https:\/\/www.academiebelgium.be\/wp-content\/uploads\/2018\/10\/banner-e1545408789698.jpg","width":1257,"height":400},{"@type":"BreadcrumbList","@id":"https:\/\/www.academiebelgium.be\/nl\/links\/#breadcrumb","itemListElement":[{"@type":"ListItem","position":1,"name":"Home","item":"https:\/\/www.academiebelgium.be\/nl\/"},{"@type":"ListItem","position":2,"name":"Links"}]},{"@type":"WebSite","@id":"https:\/\/www.academiebelgium.be\/nl\/#website","url":"https:\/\/www.academiebelgium.be\/nl\/","name":"Academy Belgium","description":"Just another WordPress site","publisher":{"@id":"https:\/\/www.academiebelgium.be\/nl\/#organization"},"potentialAction":[{"@type":"SearchAction","target":{"@type":"EntryPoint","urlTemplate":"https:\/\/www.academiebelgium.be\/nl\/?s={search_term_string}"},"query-input":{"@type":"PropertyValueSpecification","valueRequired":true,"valueName":"search_term_string"}}],"inLanguage":"nl-BE"},{"@type":"Organization","@id":"https:\/\/www.academiebelgium.be\/nl\/#organization","name":"Academy Belgium","url":"https:\/\/www.academiebelgium.be\/nl\/","logo":{"@type":"ImageObject","inLanguage":"nl-BE","@id":"https:\/\/www.academiebelgium.be\/nl\/#\/schema\/logo\/image\/","url":"https:\/\/www.academiebelgium.be\/wp-content\/uploads\/2018\/10\/logo.png","contentUrl":"https:\/\/www.academiebelgium.be\/wp-content\/uploads\/2018\/10\/logo.png","width":125,"height":125,"caption":"Academy Belgium"},"image":{"@id":"https:\/\/www.academiebelgium.be\/nl\/#\/schema\/logo\/image\/"}}]}},"_links":{"self":[{"href":"https:\/\/www.academiebelgium.be\/nl\/wp-json\/wp\/v2\/pages\/359","targetHints":{"allow":["GET"]}}],"collection":[{"href":"https:\/\/www.academiebelgium.be\/nl\/wp-json\/wp\/v2\/pages"}],"about":[{"href":"https:\/\/www.academiebelgium.be\/nl\/wp-json\/wp\/v2\/types\/page"}],"author":[{"embeddable":true,"href":"https:\/\/www.academiebelgium.be\/nl\/wp-json\/wp\/v2\/users\/1"}],"replies":[{"embeddable":true,"href":"https:\/\/www.academiebelgium.be\/nl\/wp-json\/wp\/v2\/comments?post=359"}],"version-history":[{"count":2,"href":"https:\/\/www.academiebelgium.be\/nl\/wp-json\/wp\/v2\/pages\/359\/revisions"}],"predecessor-version":[{"id":4846,"href":"https:\/\/www.academiebelgium.be\/nl\/wp-json\/wp\/v2\/pages\/359\/revisions\/4846"}],"wp:featuredmedia":[{"embeddable":true,"href":"https:\/\/www.academiebelgium.be\/nl\/wp-json\/wp\/v2\/media\/87"}],"wp:attachment":[{"href":"https:\/\/www.academiebelgium.be\/nl\/wp-json\/wp\/v2\/media?parent=359"}],"curies":[{"name":"wp","href":"https:\/\/api.w.org\/{rel}","templated":true}]}}