{"id":381,"date":"2018-11-02T15:17:32","date_gmt":"2018-11-02T15:17:32","guid":{"rendered":"https:\/\/www.academiebelgium.be\/?page_id=381"},"modified":"2022-03-17T10:32:38","modified_gmt":"2022-03-17T10:32:38","slug":"jacques-boulet-prijs","status":"publish","type":"page","link":"https:\/\/www.academiebelgium.be\/nl\/jacques-boulet-prijs\/","title":{"rendered":"Jacques Boulet prijs"},"content":{"rendered":"<p style=\"text-align: left;\">Om de herinnering levendig te houden aan Dokter Jacques Boulet , voormalig Secretaris\u00ac-generaal van de Academie , werd een &#8221; Prijs Jacques Boulet &#8221; opgericht ten einde een filatelist van Belgische nationaliteit te eren die een uitzon- derlijk literair oeuvre heeft geproduceerd in \u00e9\u00e9n of meerdere takken erkend door de F\u00e9d\u00e9ration Internationale de Philat\u00e9lie. De &#8221; Prijs Jacques Boulet &#8221; zal om de vier jaar toegekend worden en aan de laureaat overhandigd worden ter gelegenheid van een plechtige algemene vergadering.<\/p>\n<p><strong><span style=\"color: #0000ff;\">LAUREATEN<\/span><\/strong><\/p>\n<p>2022\u00a0 \u00a0 \u00a0Coutant Guy<\/p>\n<p>2017\u00a0 \u00a0 \u00a0Schouberechts Vincent<\/p>\n<p>2013\u00a0 \u00a0 \u00a0Van der Linden James<\/p>\n<p><span style=\"color: #000000;\">2009\u00a0 \u00a0 \u00a0Delbeke Claude<\/span><\/p>\n","protected":false},"excerpt":{"rendered":"<p>Om de herinnering levendig te houden aan Dokter Jacques Boulet , voormalig Secretaris\u00ac-generaal van de Academie , werd een &#8221; Prijs Jacques Boulet &#8221; opgericht ten einde een filatelist van Belgische nationaliteit te eren die een uitzon- derlijk literair oeuvre heeft geproduceerd in \u00e9\u00e9n of meerdere takken erkend door de F\u00e9d\u00e9ration Internationale de Philat\u00e9lie. De [&hellip;]<\/p>\n","protected":false},"author":1,"featured_media":87,"parent":0,"menu_order":0,"comment_status":"closed","ping_status":"closed","template":"template-innerpage.php","meta":{"_acf_changed":false,"_exactmetrics_skip_tracking":false,"_exactmetrics_sitenote_active":false,"_exactmetrics_sitenote_note":"","_exactmetrics_sitenote_category":0,"footnotes":""},"class_list":["post-381","page","type-page","status-publish","has-post-thumbnail","hentry"],"acf":[],"yoast_head":"<!-- This site is optimized with the Yoast SEO plugin v27.0 - https:\/\/yoast.com\/product\/yoast-seo-wordpress\/ -->\n<title>Jacques Boulet prijs - Academy Belgium<\/title>\n<meta name=\"robots\" content=\"index, follow, max-snippet:-1, max-image-preview:large, max-video-preview:-1\" \/>\n<link rel=\"canonical\" href=\"https:\/\/www.academiebelgium.be\/nl\/jacques-boulet-prijs\/\" \/>\n<meta property=\"og:locale\" content=\"nl_BE\" \/>\n<meta property=\"og:type\" content=\"article\" \/>\n<meta property=\"og:title\" content=\"Jacques Boulet prijs - Academy Belgium\" \/>\n<meta property=\"og:description\" content=\"Om de herinnering levendig te houden aan Dokter Jacques Boulet , voormalig Secretaris\u00ac-generaal van de Academie , werd een &#8221; Prijs Jacques Boulet &#8221; opgericht ten einde een filatelist van Belgische nationaliteit te eren die een uitzon- derlijk literair oeuvre heeft geproduceerd in \u00e9\u00e9n of meerdere takken erkend door de F\u00e9d\u00e9ration Internationale de Philat\u00e9lie. De [&hellip;]\" \/>\n<meta property=\"og:url\" content=\"https:\/\/www.academiebelgium.be\/nl\/jacques-boulet-prijs\/\" \/>\n<meta property=\"og:site_name\" content=\"Academy Belgium\" \/>\n<meta property=\"article:modified_time\" content=\"2022-03-17T10:32:38+00:00\" \/>\n<meta property=\"og:image\" content=\"https:\/\/www.academiebelgium.be\/wp-content\/uploads\/2018\/10\/banner-e1545408789698.jpg\" \/>\n\t<meta property=\"og:image:width\" content=\"1257\" \/>\n\t<meta property=\"og:image:height\" content=\"400\" \/>\n\t<meta property=\"og:image:type\" content=\"image\/jpeg\" \/>\n<meta name=\"twitter:card\" content=\"summary_large_image\" \/>\n<script type=\"application\/ld+json\" class=\"yoast-schema-graph\">{\"@context\":\"https:\/\/schema.org\",\"@graph\":[{\"@type\":\"WebPage\",\"@id\":\"https:\/\/www.academiebelgium.be\/nl\/jacques-boulet-prijs\/\",\"url\":\"https:\/\/www.academiebelgium.be\/nl\/jacques-boulet-prijs\/\",\"name\":\"Jacques Boulet prijs - Academy Belgium\",\"isPartOf\":{\"@id\":\"https:\/\/www.academiebelgium.be\/nl\/#website\"},\"primaryImageOfPage\":{\"@id\":\"https:\/\/www.academiebelgium.be\/nl\/jacques-boulet-prijs\/#primaryimage\"},\"image\":{\"@id\":\"https:\/\/www.academiebelgium.be\/nl\/jacques-boulet-prijs\/#primaryimage\"},\"thumbnailUrl\":\"https:\/\/www.academiebelgium.be\/wp-content\/uploads\/2018\/10\/banner-e1545408789698.jpg\",\"datePublished\":\"2018-11-02T15:17:32+00:00\",\"dateModified\":\"2022-03-17T10:32:38+00:00\",\"breadcrumb\":{\"@id\":\"https:\/\/www.academiebelgium.be\/nl\/jacques-boulet-prijs\/#breadcrumb\"},\"inLanguage\":\"nl-BE\",\"potentialAction\":[{\"@type\":\"ReadAction\",\"target\":[\"https:\/\/www.academiebelgium.be\/nl\/jacques-boulet-prijs\/\"]}]},{\"@type\":\"ImageObject\",\"inLanguage\":\"nl-BE\",\"@id\":\"https:\/\/www.academiebelgium.be\/nl\/jacques-boulet-prijs\/#primaryimage\",\"url\":\"https:\/\/www.academiebelgium.be\/wp-content\/uploads\/2018\/10\/banner-e1545408789698.jpg\",\"contentUrl\":\"https:\/\/www.academiebelgium.be\/wp-content\/uploads\/2018\/10\/banner-e1545408789698.jpg\",\"width\":1257,\"height\":400},{\"@type\":\"BreadcrumbList\",\"@id\":\"https:\/\/www.academiebelgium.be\/nl\/jacques-boulet-prijs\/#breadcrumb\",\"itemListElement\":[{\"@type\":\"ListItem\",\"position\":1,\"name\":\"Home\",\"item\":\"https:\/\/www.academiebelgium.be\/nl\/\"},{\"@type\":\"ListItem\",\"position\":2,\"name\":\"Jacques Boulet prijs\"}]},{\"@type\":\"WebSite\",\"@id\":\"https:\/\/www.academiebelgium.be\/nl\/#website\",\"url\":\"https:\/\/www.academiebelgium.be\/nl\/\",\"name\":\"Academy Belgium\",\"description\":\"Just another WordPress site\",\"publisher\":{\"@id\":\"https:\/\/www.academiebelgium.be\/nl\/#organization\"},\"potentialAction\":[{\"@type\":\"SearchAction\",\"target\":{\"@type\":\"EntryPoint\",\"urlTemplate\":\"https:\/\/www.academiebelgium.be\/nl\/?s={search_term_string}\"},\"query-input\":{\"@type\":\"PropertyValueSpecification\",\"valueRequired\":true,\"valueName\":\"search_term_string\"}}],\"inLanguage\":\"nl-BE\"},{\"@type\":\"Organization\",\"@id\":\"https:\/\/www.academiebelgium.be\/nl\/#organization\",\"name\":\"Academy Belgium\",\"url\":\"https:\/\/www.academiebelgium.be\/nl\/\",\"logo\":{\"@type\":\"ImageObject\",\"inLanguage\":\"nl-BE\",\"@id\":\"https:\/\/www.academiebelgium.be\/nl\/#\/schema\/logo\/image\/\",\"url\":\"https:\/\/www.academiebelgium.be\/wp-content\/uploads\/2018\/10\/logo.png\",\"contentUrl\":\"https:\/\/www.academiebelgium.be\/wp-content\/uploads\/2018\/10\/logo.png\",\"width\":125,\"height\":125,\"caption\":\"Academy Belgium\"},\"image\":{\"@id\":\"https:\/\/www.academiebelgium.be\/nl\/#\/schema\/logo\/image\/\"}}]}<\/script>\n<!-- \/ Yoast SEO plugin. -->","yoast_head_json":{"title":"Jacques Boulet prijs - Academy Belgium","robots":{"index":"index","follow":"follow","max-snippet":"max-snippet:-1","max-image-preview":"max-image-preview:large","max-video-preview":"max-video-preview:-1"},"canonical":"https:\/\/www.academiebelgium.be\/nl\/jacques-boulet-prijs\/","og_locale":"nl_BE","og_type":"article","og_title":"Jacques Boulet prijs - Academy Belgium","og_description":"Om de herinnering levendig te houden aan Dokter Jacques Boulet , voormalig Secretaris\u00ac-generaal van de Academie , werd een &#8221; Prijs Jacques Boulet &#8221; opgericht ten einde een filatelist van Belgische nationaliteit te eren die een uitzon- derlijk literair oeuvre heeft geproduceerd in \u00e9\u00e9n of meerdere takken erkend door de F\u00e9d\u00e9ration Internationale de Philat\u00e9lie. De [&hellip;]","og_url":"https:\/\/www.academiebelgium.be\/nl\/jacques-boulet-prijs\/","og_site_name":"Academy Belgium","article_modified_time":"2022-03-17T10:32:38+00:00","og_image":[{"width":1257,"height":400,"url":"https:\/\/www.academiebelgium.be\/wp-content\/uploads\/2018\/10\/banner-e1545408789698.jpg","type":"image\/jpeg"}],"twitter_card":"summary_large_image","schema":{"@context":"https:\/\/schema.org","@graph":[{"@type":"WebPage","@id":"https:\/\/www.academiebelgium.be\/nl\/jacques-boulet-prijs\/","url":"https:\/\/www.academiebelgium.be\/nl\/jacques-boulet-prijs\/","name":"Jacques Boulet prijs - Academy Belgium","isPartOf":{"@id":"https:\/\/www.academiebelgium.be\/nl\/#website"},"primaryImageOfPage":{"@id":"https:\/\/www.academiebelgium.be\/nl\/jacques-boulet-prijs\/#primaryimage"},"image":{"@id":"https:\/\/www.academiebelgium.be\/nl\/jacques-boulet-prijs\/#primaryimage"},"thumbnailUrl":"https:\/\/www.academiebelgium.be\/wp-content\/uploads\/2018\/10\/banner-e1545408789698.jpg","datePublished":"2018-11-02T15:17:32+00:00","dateModified":"2022-03-17T10:32:38+00:00","breadcrumb":{"@id":"https:\/\/www.academiebelgium.be\/nl\/jacques-boulet-prijs\/#breadcrumb"},"inLanguage":"nl-BE","potentialAction":[{"@type":"ReadAction","target":["https:\/\/www.academiebelgium.be\/nl\/jacques-boulet-prijs\/"]}]},{"@type":"ImageObject","inLanguage":"nl-BE","@id":"https:\/\/www.academiebelgium.be\/nl\/jacques-boulet-prijs\/#primaryimage","url":"https:\/\/www.academiebelgium.be\/wp-content\/uploads\/2018\/10\/banner-e1545408789698.jpg","contentUrl":"https:\/\/www.academiebelgium.be\/wp-content\/uploads\/2018\/10\/banner-e1545408789698.jpg","width":1257,"height":400},{"@type":"BreadcrumbList","@id":"https:\/\/www.academiebelgium.be\/nl\/jacques-boulet-prijs\/#breadcrumb","itemListElement":[{"@type":"ListItem","position":1,"name":"Home","item":"https:\/\/www.academiebelgium.be\/nl\/"},{"@type":"ListItem","position":2,"name":"Jacques Boulet prijs"}]},{"@type":"WebSite","@id":"https:\/\/www.academiebelgium.be\/nl\/#website","url":"https:\/\/www.academiebelgium.be\/nl\/","name":"Academy Belgium","description":"Just another WordPress site","publisher":{"@id":"https:\/\/www.academiebelgium.be\/nl\/#organization"},"potentialAction":[{"@type":"SearchAction","target":{"@type":"EntryPoint","urlTemplate":"https:\/\/www.academiebelgium.be\/nl\/?s={search_term_string}"},"query-input":{"@type":"PropertyValueSpecification","valueRequired":true,"valueName":"search_term_string"}}],"inLanguage":"nl-BE"},{"@type":"Organization","@id":"https:\/\/www.academiebelgium.be\/nl\/#organization","name":"Academy Belgium","url":"https:\/\/www.academiebelgium.be\/nl\/","logo":{"@type":"ImageObject","inLanguage":"nl-BE","@id":"https:\/\/www.academiebelgium.be\/nl\/#\/schema\/logo\/image\/","url":"https:\/\/www.academiebelgium.be\/wp-content\/uploads\/2018\/10\/logo.png","contentUrl":"https:\/\/www.academiebelgium.be\/wp-content\/uploads\/2018\/10\/logo.png","width":125,"height":125,"caption":"Academy Belgium"},"image":{"@id":"https:\/\/www.academiebelgium.be\/nl\/#\/schema\/logo\/image\/"}}]}},"_links":{"self":[{"href":"https:\/\/www.academiebelgium.be\/nl\/wp-json\/wp\/v2\/pages\/381","targetHints":{"allow":["GET"]}}],"collection":[{"href":"https:\/\/www.academiebelgium.be\/nl\/wp-json\/wp\/v2\/pages"}],"about":[{"href":"https:\/\/www.academiebelgium.be\/nl\/wp-json\/wp\/v2\/types\/page"}],"author":[{"embeddable":true,"href":"https:\/\/www.academiebelgium.be\/nl\/wp-json\/wp\/v2\/users\/1"}],"replies":[{"embeddable":true,"href":"https:\/\/www.academiebelgium.be\/nl\/wp-json\/wp\/v2\/comments?post=381"}],"version-history":[{"count":1,"href":"https:\/\/www.academiebelgium.be\/nl\/wp-json\/wp\/v2\/pages\/381\/revisions"}],"predecessor-version":[{"id":4595,"href":"https:\/\/www.academiebelgium.be\/nl\/wp-json\/wp\/v2\/pages\/381\/revisions\/4595"}],"wp:featuredmedia":[{"embeddable":true,"href":"https:\/\/www.academiebelgium.be\/nl\/wp-json\/wp\/v2\/media\/87"}],"wp:attachment":[{"href":"https:\/\/www.academiebelgium.be\/nl\/wp-json\/wp\/v2\/media?parent=381"}],"curies":[{"name":"wp","href":"https:\/\/api.w.org\/{rel}","templated":true}]}}